{"id":1064,"date":"2024-12-21T17:10:36","date_gmt":"2024-12-21T17:10:36","guid":{"rendered":"https:\/\/claudiamarcelaestrada.com\/?page_id=1064"},"modified":"2025-01-24T19:01:27","modified_gmt":"2025-01-24T19:01:27","slug":"publicaciones","status":"publish","type":"page","link":"https:\/\/claudiamarcelaestrada.com\/ca\/publicaciones\/","title":{"rendered":"Altres creacions"},"content":{"rendered":"<div data-elementor-type=\"wp-page\" data-elementor-id=\"1064\" class=\"elementor elementor-1064\" data-elementor-post-type=\"page\">\n\t\t\t\t<div class=\"elementor-element elementor-element-608afca e-flex e-con-boxed e-con e-parent\" data-id=\"608afca\" data-element_type=\"container\" data-settings=\"{&quot;background_background&quot;:&quot;classic&quot;}\">\n\t\t\t\t\t<div class=\"e-con-inner\">\n\t\t<div class=\"elementor-element elementor-element-1acd4e4 e-con-full e-flex e-con e-child\" data-id=\"1acd4e4\" data-element_type=\"container\">\n\t\t\t\t<div class=\"elementor-element elementor-element-f78e0d1 elementor-widget elementor-widget-heading\" data-id=\"f78e0d1\" data-element_type=\"widget\" data-widget_type=\"heading.default\">\n\t\t\t\t<div class=\"elementor-widget-container\">\n\t\t\t\t\t<h1 class=\"elementor-heading-title elementor-size-default\">Publicaciones<\/h1>\t\t\t\t<\/div>\n\t\t\t\t<\/div>\n\t\t\t\t<\/div>\n\t\t\t\t\t<\/div>\n\t\t\t\t<\/div>\n\t\t<div class=\"elementor-element elementor-element-ee72601 e-flex e-con-boxed e-con e-parent\" data-id=\"ee72601\" data-element_type=\"container\" data-settings=\"{&quot;background_background&quot;:&quot;classic&quot;}\">\n\t\t\t\t\t<div class=\"e-con-inner\">\n\t\t<div class=\"elementor-element elementor-element-51dbd17 e-con-full e-flex e-con e-child\" data-id=\"51dbd17\" data-element_type=\"container\">\n\t\t\t\t<\/div>\n\t\t\t\t\t<\/div>\n\t\t\t\t<\/div>\n\t\t<div class=\"elementor-element elementor-element-285d2b9 e-flex e-con-boxed e-con e-parent\" data-id=\"285d2b9\" data-element_type=\"container\">\n\t\t\t\t\t<div class=\"e-con-inner\">\n\t\t<div class=\"elementor-element elementor-element-3ca95a5 e-con-full e-flex e-con e-child\" data-id=\"3ca95a5\" data-element_type=\"container\">\n\t\t\t\t<div class=\"elementor-element elementor-element-f79e1aa elementor-widget__width-inherit elementor-widget elementor-widget-heading\" data-id=\"f79e1aa\" data-element_type=\"widget\" data-widget_type=\"heading.default\">\n\t\t\t\t<div class=\"elementor-widget-container\">\n\t\t\t\t\t<h6 class=\"elementor-heading-title elementor-size-default\">La \u00fatima y nos vamos:<\/h6>\t\t\t\t<\/div>\n\t\t\t\t<\/div>\n\t\t\t\t<div class=\"elementor-element elementor-element-a2d70a2 elementor-widget elementor-widget-heading\" data-id=\"a2d70a2\" data-element_type=\"widget\" data-widget_type=\"heading.default\">\n\t\t\t\t<div class=\"elementor-widget-container\">\n\t\t\t\t\t<h3 class=\"elementor-heading-title elementor-size-default\">Mentiras pa' superar la tusa<\/h3>\t\t\t\t<\/div>\n\t\t\t\t<\/div>\n\t\t\t\t<div class=\"elementor-element elementor-element-7075f51 elementor-widget elementor-widget-image\" data-id=\"7075f51\" data-element_type=\"widget\" data-widget_type=\"image.default\">\n\t\t\t\t<div class=\"elementor-widget-container\">\n\t\t\t\t\t\t\t\t\t\t\t\t\t\t\t<img fetchpriority=\"high\" decoding=\"async\" width=\"592\" height=\"700\" src=\"https:\/\/claudiamarcelaestrada.com\/wp-content\/uploads\/2024\/12\/Volver-claudia-marcela-estrada-2.jpg\" class=\"attachment-full size-full wp-image-1955\" alt=\"\" srcset=\"https:\/\/claudiamarcelaestrada.com\/wp-content\/uploads\/2024\/12\/Volver-claudia-marcela-estrada-2.jpg 592w, https:\/\/claudiamarcelaestrada.com\/wp-content\/uploads\/2024\/12\/Volver-claudia-marcela-estrada-2-254x300.jpg 254w, https:\/\/claudiamarcelaestrada.com\/wp-content\/uploads\/2024\/12\/Volver-claudia-marcela-estrada-2-10x12.jpg 10w\" sizes=\"(max-width: 592px) 100vw, 592px\" \/>\t\t\t\t\t\t\t\t\t\t\t\t\t\t\t<\/div>\n\t\t\t\t<\/div>\n\t\t\t\t<\/div>\n\t\t<div class=\"elementor-element elementor-element-42f1daf e-con-full e-flex e-con e-child\" data-id=\"42f1daf\" data-element_type=\"container\">\n\t\t<div class=\"elementor-element elementor-element-e3abc5e e-con-full e-flex e-con e-child\" data-id=\"e3abc5e\" data-element_type=\"container\">\n\t\t\t\t<div class=\"elementor-element elementor-element-c64a726 elementor-widget elementor-widget-video\" data-id=\"c64a726\" data-element_type=\"widget\" data-settings=\"{&quot;youtube_url&quot;:&quot;https:\\\/\\\/youtu.be\\\/Or2WE_g0yN4&quot;,&quot;video_type&quot;:&quot;youtube&quot;,&quot;controls&quot;:&quot;yes&quot;}\" data-widget_type=\"video.default\">\n\t\t\t\t<div class=\"elementor-widget-container\">\n\t\t\t\t\t\t\t<div class=\"elementor-wrapper elementor-open-inline\">\n\t\t\t<div class=\"elementor-video\"><\/div>\t\t<\/div>\n\t\t\t\t\t\t<\/div>\n\t\t\t\t<\/div>\n\t\t\t\t<\/div>\n\t\t\t\t<div class=\"elementor-element elementor-element-6f5d167 elementor-widget__width-initial elementor-widget elementor-widget-text-editor\" data-id=\"6f5d167\" data-element_type=\"widget\" data-widget_type=\"text-editor.default\">\n\t\t\t\t<div class=\"elementor-widget-container\">\n\t\t\t\t\t\t\t\t\t<p>L'\u00faltima can\u00e7\u00f3, l'\u00faltima cervesa, l'\u00faltima vegada que vam jurar estimar. \u00abLa \u00faltima y nos vamos: mentiras pa' superar la tusa\u00bb il\u00b7lustra diferents experi\u00e8ncies al voltant del desamor, i les formes de reinvenci\u00f3 per sobreviure a l'ad\u00e9u, en el marc de la cultura popular llatinoamericana, les seves can\u00e7ons, personatges i tot all\u00f2 que alguna vegada va servir com a banda sonora per brindar pels que ja no hi s\u00f3n.<\/p>\t\t\t\t\t\t\t\t<\/div>\n\t\t\t\t<\/div>\n\t\t<div class=\"elementor-element elementor-element-1f79c5a e-con-full e-flex e-con e-child\" data-id=\"1f79c5a\" data-element_type=\"container\">\n\t\t<div class=\"elementor-element elementor-element-1736279 e-con-full e-flex e-con e-child\" data-id=\"1736279\" data-element_type=\"container\">\n\t\t\t\t<div class=\"elementor-element elementor-element-9775734 elementor-widget elementor-widget-button\" data-id=\"9775734\" data-element_type=\"widget\" data-widget_type=\"button.default\">\n\t\t\t\t<div class=\"elementor-widget-container\">\n\t\t\t\t\t\t\t\t\t<div class=\"elementor-button-wrapper\">\n\t\t\t\t\t<a class=\"elementor-button elementor-button-link elementor-size-sm\" href=\"https:\/\/www.uao.edu.co\/boletin-soy-autonomo\/egresada-uao-presente-en-la-feria-del-libro-en-bogota\/\">\n\t\t\t\t\t\t<span class=\"elementor-button-content-wrapper\">\n\t\t\t\t\t\t<span class=\"elementor-button-icon\">\n\t\t\t\t\t\t\t<\/span>\n\t\t\t\t\t\t\t\t\t<span class=\"elementor-button-text\">Veure nota de premsa<\/span>\n\t\t\t\t\t<\/span>\n\t\t\t\t\t<\/a>\n\t\t\t\t<\/div>\n\t\t\t\t\t\t\t\t<\/div>\n\t\t\t\t<\/div>\n\t\t\t\t<\/div>\n\t\t\t\t<\/div>\n\t\t\t\t<\/div>\n\t\t\t\t\t<\/div>\n\t\t\t\t<\/div>\n\t\t<div class=\"elementor-element elementor-element-f1d3dcf e-flex e-con-boxed e-con e-parent\" data-id=\"f1d3dcf\" data-element_type=\"container\" data-settings=\"{&quot;background_background&quot;:&quot;classic&quot;}\">\n\t\t\t\t\t<div class=\"e-con-inner\">\n\t\t<div class=\"elementor-element elementor-element-2210b62 e-con-full e-flex e-con e-child\" data-id=\"2210b62\" data-element_type=\"container\">\n\t\t\t\t<\/div>\n\t\t\t\t\t<\/div>\n\t\t\t\t<\/div>\n\t\t<div class=\"elementor-element elementor-element-7a5e8cf e-flex e-con-boxed e-con e-parent\" data-id=\"7a5e8cf\" data-element_type=\"container\" data-settings=\"{&quot;background_background&quot;:&quot;classic&quot;}\">\n\t\t\t\t\t<div class=\"e-con-inner\">\n\t\t<div class=\"elementor-element elementor-element-7b8a352 e-con-full e-flex e-con e-child\" data-id=\"7b8a352\" data-element_type=\"container\">\n\t\t\t\t<\/div>\n\t\t\t\t\t<\/div>\n\t\t\t\t<\/div>\n\t\t<div class=\"elementor-element elementor-element-451a4b6 e-flex e-con-boxed e-con e-parent\" data-id=\"451a4b6\" data-element_type=\"container\" data-settings=\"{&quot;background_background&quot;:&quot;classic&quot;}\">\n\t\t\t\t\t<div class=\"e-con-inner\">\n\t\t<div class=\"elementor-element elementor-element-449e160 e-con-full e-flex e-con e-child\" data-id=\"449e160\" data-element_type=\"container\">\n\t\t<div class=\"elementor-element elementor-element-9c6b833 e-flex e-con-boxed e-con e-child\" data-id=\"9c6b833\" data-element_type=\"container\">\n\t\t\t\t\t<div class=\"e-con-inner\">\n\t\t<div class=\"elementor-element elementor-element-f3a40a5 e-con-full e-flex e-con e-child\" data-id=\"f3a40a5\" data-element_type=\"container\">\n\t\t\t\t<div class=\"elementor-element elementor-element-873a3fd elementor-widget elementor-widget-heading\" data-id=\"873a3fd\" data-element_type=\"widget\" data-widget_type=\"heading.default\">\n\t\t\t\t<div class=\"elementor-widget-container\">\n\t\t\t\t\t<h2 class=\"elementor-heading-title elementor-size-default\">Llibres i publicacions<\/h2>\t\t\t\t<\/div>\n\t\t\t\t<\/div>\n\t\t\t\t<\/div>\n\t\t\t\t\t<\/div>\n\t\t\t\t<\/div>\n\t\t<div class=\"elementor-element elementor-element-e932bba e-flex e-con-boxed e-con e-child\" data-id=\"e932bba\" data-element_type=\"container\">\n\t\t\t\t\t<div class=\"e-con-inner\">\n\t\t<div class=\"elementor-element elementor-element-16a58d4 e-con-full e-flex e-con e-child\" data-id=\"16a58d4\" data-element_type=\"container\">\n\t\t\t\t<div class=\"elementor-element elementor-element-3cd9398 elementor-widget elementor-widget-image\" data-id=\"3cd9398\" data-element_type=\"widget\" data-widget_type=\"image.default\">\n\t\t\t\t<div class=\"elementor-widget-container\">\n\t\t\t\t\t\t\t\t\t\t\t\t\t\t\t<img decoding=\"async\" width=\"300\" height=\"460\" src=\"https:\/\/claudiamarcelaestrada.com\/wp-content\/uploads\/2024\/12\/la-ultima-y-nos-vamos-claudia-marcela-estrada.jpg\" class=\"attachment-full size-full wp-image-1944\" alt=\"\" srcset=\"https:\/\/claudiamarcelaestrada.com\/wp-content\/uploads\/2024\/12\/la-ultima-y-nos-vamos-claudia-marcela-estrada.jpg 300w, https:\/\/claudiamarcelaestrada.com\/wp-content\/uploads\/2024\/12\/la-ultima-y-nos-vamos-claudia-marcela-estrada-196x300.jpg 196w, https:\/\/claudiamarcelaestrada.com\/wp-content\/uploads\/2024\/12\/la-ultima-y-nos-vamos-claudia-marcela-estrada-8x12.jpg 8w\" sizes=\"(max-width: 300px) 100vw, 300px\" \/>\t\t\t\t\t\t\t\t\t\t\t\t\t\t\t<\/div>\n\t\t\t\t<\/div>\n\t\t\t\t<div class=\"elementor-element elementor-element-9f84036 elementor-widget elementor-widget-heading\" data-id=\"9f84036\" data-element_type=\"widget\" data-widget_type=\"heading.default\">\n\t\t\t\t<div class=\"elementor-widget-container\">\n\t\t\t\t\t<h4 class=\"elementor-heading-title elementor-size-default\">La \u00faltima y nos vamos. Mentiras pa' superar la tusa<\/h4>\t\t\t\t<\/div>\n\t\t\t\t<\/div>\n\t\t\t\t<div class=\"elementor-element elementor-element-bd66a03 elementor-align-center elementor-widget elementor-widget-button\" data-id=\"bd66a03\" data-element_type=\"widget\" data-widget_type=\"button.default\">\n\t\t\t\t<div class=\"elementor-widget-container\">\n\t\t\t\t\t\t\t\t\t<div class=\"elementor-button-wrapper\">\n\t\t\t\t\t<a class=\"elementor-button elementor-button-link elementor-size-sm\" href=\"https:\/\/www.librerianacional.com\/la-ultima-y-nos-vamos\/p?srsltid=AfmBOopUZe_Syi9jKcKVJ8EpOBpUlBn7tK1D8TbBLqXYCMbqJPHjkadD\">\n\t\t\t\t\t\t<span class=\"elementor-button-content-wrapper\">\n\t\t\t\t\t\t<span class=\"elementor-button-icon\">\n\t\t\t\t\t\t\t<\/span>\n\t\t\t\t\t\t\t\t\t<span class=\"elementor-button-text\">Disponible en llibreries<\/span>\n\t\t\t\t\t<\/span>\n\t\t\t\t\t<\/a>\n\t\t\t\t<\/div>\n\t\t\t\t\t\t\t\t<\/div>\n\t\t\t\t<\/div>\n\t\t\t\t<\/div>\n\t\t<div class=\"elementor-element elementor-element-f7dfcda e-con-full e-flex e-con e-child\" data-id=\"f7dfcda\" data-element_type=\"container\">\n\t\t\t\t<div class=\"elementor-element elementor-element-7db4b86 elementor-widget elementor-widget-image\" data-id=\"7db4b86\" data-element_type=\"widget\" data-widget_type=\"image.default\">\n\t\t\t\t<div class=\"elementor-widget-container\">\n\t\t\t\t\t\t\t\t\t\t\t\t\t\t\t<img decoding=\"async\" width=\"300\" height=\"460\" src=\"https:\/\/claudiamarcelaestrada.com\/wp-content\/uploads\/2024\/12\/Volver-claudia-marcela-estrada.jpg\" class=\"attachment-full size-full wp-image-1949\" alt=\"\" srcset=\"https:\/\/claudiamarcelaestrada.com\/wp-content\/uploads\/2024\/12\/Volver-claudia-marcela-estrada.jpg 300w, https:\/\/claudiamarcelaestrada.com\/wp-content\/uploads\/2024\/12\/Volver-claudia-marcela-estrada-196x300.jpg 196w, https:\/\/claudiamarcelaestrada.com\/wp-content\/uploads\/2024\/12\/Volver-claudia-marcela-estrada-8x12.jpg 8w\" sizes=\"(max-width: 300px) 100vw, 300px\" \/>\t\t\t\t\t\t\t\t\t\t\t\t\t\t\t<\/div>\n\t\t\t\t<\/div>\n\t\t\t\t<div class=\"elementor-element elementor-element-3414937 elementor-widget elementor-widget-heading\" data-id=\"3414937\" data-element_type=\"widget\" data-widget_type=\"heading.default\">\n\t\t\t\t<div class=\"elementor-widget-container\">\n\t\t\t\t\t<h4 class=\"elementor-heading-title elementor-size-default\">Volver<\/h4>\t\t\t\t<\/div>\n\t\t\t\t<\/div>\n\t\t\t\t<div class=\"elementor-element elementor-element-9bd8de6 elementor-align-center elementor-widget elementor-widget-button\" data-id=\"9bd8de6\" data-element_type=\"widget\" data-widget_type=\"button.default\">\n\t\t\t\t<div class=\"elementor-widget-container\">\n\t\t\t\t\t\t\t\t\t<div class=\"elementor-button-wrapper\">\n\t\t\t\t\t<a class=\"elementor-button elementor-button-link elementor-size-sm\" href=\"https:\/\/www.buscalibre.ec\/libro-volver\/9788415263067\/p\/6115076\">\n\t\t\t\t\t\t<span class=\"elementor-button-content-wrapper\">\n\t\t\t\t\t\t<span class=\"elementor-button-icon\">\n\t\t\t\t\t\t\t<\/span>\n\t\t\t\t\t\t\t\t\t<span class=\"elementor-button-text\">Veure m\u00e9s<\/span>\n\t\t\t\t\t<\/span>\n\t\t\t\t\t<\/a>\n\t\t\t\t<\/div>\n\t\t\t\t\t\t\t\t<\/div>\n\t\t\t\t<\/div>\n\t\t\t\t<\/div>\n\t\t<div class=\"elementor-element elementor-element-41f7e52 e-con-full e-flex e-con e-child\" data-id=\"41f7e52\" data-element_type=\"container\">\n\t\t\t\t<div class=\"elementor-element elementor-element-7c7e5bb elementor-widget elementor-widget-image\" data-id=\"7c7e5bb\" data-element_type=\"widget\" data-widget_type=\"image.default\">\n\t\t\t\t<div class=\"elementor-widget-container\">\n\t\t\t\t\t\t\t\t\t\t\t\t\t\t\t<img loading=\"lazy\" decoding=\"async\" width=\"300\" height=\"460\" src=\"https:\/\/claudiamarcelaestrada.com\/wp-content\/uploads\/2024\/12\/arte-y-comunicacion-claudia-marcela-estrada.jpg\" class=\"attachment-full size-full wp-image-1945\" alt=\"\" srcset=\"https:\/\/claudiamarcelaestrada.com\/wp-content\/uploads\/2024\/12\/arte-y-comunicacion-claudia-marcela-estrada.jpg 300w, https:\/\/claudiamarcelaestrada.com\/wp-content\/uploads\/2024\/12\/arte-y-comunicacion-claudia-marcela-estrada-196x300.jpg 196w, https:\/\/claudiamarcelaestrada.com\/wp-content\/uploads\/2024\/12\/arte-y-comunicacion-claudia-marcela-estrada-8x12.jpg 8w\" sizes=\"(max-width: 300px) 100vw, 300px\" \/>\t\t\t\t\t\t\t\t\t\t\t\t\t\t\t<\/div>\n\t\t\t\t<\/div>\n\t\t\t\t<div class=\"elementor-element elementor-element-cf238be elementor-widget elementor-widget-heading\" data-id=\"cf238be\" data-element_type=\"widget\" data-widget_type=\"heading.default\">\n\t\t\t\t<div class=\"elementor-widget-container\">\n\t\t\t\t\t<h4 class=\"elementor-heading-title elementor-size-default\">Arte y Comunicaci\u00f3n<\/h4>\t\t\t\t<\/div>\n\t\t\t\t<\/div>\n\t\t\t\t<div class=\"elementor-element elementor-element-c6e270e elementor-align-center elementor-widget elementor-widget-button\" data-id=\"c6e270e\" data-element_type=\"widget\" data-widget_type=\"button.default\">\n\t\t\t\t<div class=\"elementor-widget-container\">\n\t\t\t\t\t\t\t\t\t<div class=\"elementor-button-wrapper\">\n\t\t\t\t\t<a class=\"elementor-button elementor-button-link elementor-size-sm\" href=\"https:\/\/www.grin.com\/document\/209543?lang=es&#038;srsltid=AfmBOopNGaKyWK9bBdxu-S8x0s4YwWEadx9JFEkgxM02UqGQD-_1xN5O\">\n\t\t\t\t\t\t<span class=\"elementor-button-content-wrapper\">\n\t\t\t\t\t\t<span class=\"elementor-button-icon\">\n\t\t\t\t\t\t\t<\/span>\n\t\t\t\t\t\t\t\t\t<span class=\"elementor-button-text\">Veure m\u00e9s<\/span>\n\t\t\t\t\t<\/span>\n\t\t\t\t\t<\/a>\n\t\t\t\t<\/div>\n\t\t\t\t\t\t\t\t<\/div>\n\t\t\t\t<\/div>\n\t\t\t\t<\/div>\n\t\t\t\t\t<\/div>\n\t\t\t\t<\/div>\n\t\t\t\t<\/div>\n\t\t\t\t\t<\/div>\n\t\t\t\t<\/div>\n\t\t\t\t<\/div>","protected":false},"excerpt":{"rendered":"<p>Publicaciones La \u00fatima y nos vamos: Mentiras pa&#8217; superar la tusa https:\/\/youtu.be\/Or2WE_g0yN4 La \u00faltima canci\u00f3n, la \u00faltima cerveza, la \u00faltima vez que juramos amar. &#8216;La \u00faltima y nos vamos: mentiras pa&#8217; superar la tusa&#8217; ilustra diferentes experiencias alrededor del desamor, y las formas de reinvenci\u00f3n para sobrevivir al adi\u00f3s, en el marco de la cultura [&hellip;]<\/p>","protected":false},"author":1,"featured_media":0,"parent":0,"menu_order":0,"comment_status":"closed","ping_status":"closed","template":"","meta":{"site-sidebar-layout":"no-sidebar","site-content-layout":"page-builder","ast-site-content-layout":"full-width-container","site-content-style":"unboxed","site-sidebar-style":"unboxed","ast-global-header-display":"","ast-banner-title-visibility":"","ast-main-header-display":"","ast-hfb-above-header-display":"","ast-hfb-below-header-display":"","ast-hfb-mobile-header-display":"","site-post-title":"disabled","ast-breadcrumbs-content":"","ast-featured-img":"disabled","footer-sml-layout":"","theme-transparent-header-meta":"enabled","adv-header-id-meta":"","stick-header-meta":"","header-above-stick-meta":"","header-main-stick-meta":"","header-below-stick-meta":"","astra-migrate-meta-layouts":"set","ast-page-background-enabled":"default","ast-page-background-meta":{"desktop":{"background-color":"","background-image":"","background-repeat":"repeat","background-position":"center center","background-size":"auto","background-attachment":"scroll","background-type":"","background-media":"","overlay-type":"","overlay-color":"","overlay-opacity":"","overlay-gradient":""},"tablet":{"background-color":"","background-image":"","background-repeat":"repeat","background-position":"center center","background-size":"auto","background-attachment":"scroll","background-type":"","background-media":"","overlay-type":"","overlay-color":"","overlay-opacity":"","overlay-gradient":""},"mobile":{"background-color":"","background-image":"","background-repeat":"repeat","background-position":"center center","background-size":"auto","background-attachment":"scroll","background-type":"","background-media":"","overlay-type":"","overlay-color":"","overlay-opacity":"","overlay-gradient":""}},"ast-content-background-meta":{"desktop":{"background-color":"var(--ast-global-color-5)","background-image":"","background-repeat":"repeat","background-position":"center center","background-size":"auto","background-attachment":"scroll","background-type":"","background-media":"","overlay-type":"","overlay-color":"","overlay-opacity":"","overlay-gradient":""},"tablet":{"background-color":"var(--ast-global-color-5)","background-image":"","background-repeat":"repeat","background-position":"center center","background-size":"auto","background-attachment":"scroll","background-type":"","background-media":"","overlay-type":"","overlay-color":"","overlay-opacity":"","overlay-gradient":""},"mobile":{"background-color":"var(--ast-global-color-5)","background-image":"","background-repeat":"repeat","background-position":"center center","background-size":"auto","background-attachment":"scroll","background-type":"","background-media":"","overlay-type":"","overlay-color":"","overlay-opacity":"","overlay-gradient":""}},"footnotes":""},"class_list":["post-1064","page","type-page","status-publish","hentry"],"_links":{"self":[{"href":"https:\/\/claudiamarcelaestrada.com\/ca\/wp-json\/wp\/v2\/pages\/1064","targetHints":{"allow":["GET"]}}],"collection":[{"href":"https:\/\/claudiamarcelaestrada.com\/ca\/wp-json\/wp\/v2\/pages"}],"about":[{"href":"https:\/\/claudiamarcelaestrada.com\/ca\/wp-json\/wp\/v2\/types\/page"}],"author":[{"embeddable":true,"href":"https:\/\/claudiamarcelaestrada.com\/ca\/wp-json\/wp\/v2\/users\/1"}],"replies":[{"embeddable":true,"href":"https:\/\/claudiamarcelaestrada.com\/ca\/wp-json\/wp\/v2\/comments?post=1064"}],"version-history":[{"count":0,"href":"https:\/\/claudiamarcelaestrada.com\/ca\/wp-json\/wp\/v2\/pages\/1064\/revisions"}],"wp:attachment":[{"href":"https:\/\/claudiamarcelaestrada.com\/ca\/wp-json\/wp\/v2\/media?parent=1064"}],"curies":[{"name":"wp","href":"https:\/\/api.w.org\/{rel}","templated":true}]}}