{"id":1413,"date":"2024-12-22T14:39:25","date_gmt":"2024-12-22T14:39:25","guid":{"rendered":"https:\/\/claudiamarcelaestrada.com\/?page_id=1413"},"modified":"2024-12-23T12:09:07","modified_gmt":"2024-12-23T12:09:07","slug":"quien-dio-la-orden","status":"publish","type":"page","link":"https:\/\/claudiamarcelaestrada.com\/ca\/quien-dio-la-orden\/","title":{"rendered":"Qui va donar l'ordre?"},"content":{"rendered":"<div data-elementor-type=\"wp-page\" data-elementor-id=\"1413\" class=\"elementor elementor-1413\" data-elementor-post-type=\"page\">\n\t\t\t\t<div class=\"elementor-element elementor-element-608afca e-flex e-con-boxed e-con e-parent\" data-id=\"608afca\" data-element_type=\"container\" data-settings=\"{&quot;background_background&quot;:&quot;classic&quot;}\">\n\t\t\t\t\t<div class=\"e-con-inner\">\n\t\t<div class=\"elementor-element elementor-element-1acd4e4 e-con-full e-flex e-con e-child\" data-id=\"1acd4e4\" data-element_type=\"container\">\n\t\t\t\t<div class=\"elementor-element elementor-element-f78e0d1 elementor-widget elementor-widget-heading\" data-id=\"f78e0d1\" data-element_type=\"widget\" data-widget_type=\"heading.default\">\n\t\t\t\t<div class=\"elementor-widget-container\">\n\t\t\t\t\t<h1 class=\"elementor-heading-title elementor-size-default\">Qui va donar l'ordre?<\/h1>\t\t\t\t<\/div>\n\t\t\t\t<\/div>\n\t\t\t\t<div class=\"elementor-element elementor-element-c29c2a5 elementor-widget elementor-widget-text-editor\" data-id=\"c29c2a5\" data-element_type=\"widget\" data-widget_type=\"text-editor.default\">\n\t\t\t\t<div class=\"elementor-widget-container\">\n\t\t\t\t\t\t\t\t\t<p>Barcelona, 2020. Nau Ivanow<\/p>\t\t\t\t\t\t\t\t<\/div>\n\t\t\t\t<\/div>\n\t\t\t\t<\/div>\n\t\t\t\t\t<\/div>\n\t\t\t\t<\/div>\n\t\t<div class=\"elementor-element elementor-element-47157e4 e-flex e-con-boxed e-con e-parent\" data-id=\"47157e4\" data-element_type=\"container\" data-settings=\"{&quot;background_background&quot;:&quot;classic&quot;}\">\n\t\t\t\t\t<div class=\"e-con-inner\">\n\t\t<div class=\"elementor-element elementor-element-080fde8 e-con-full e-flex e-con e-child\" data-id=\"080fde8\" data-element_type=\"container\">\n\t\t\t\t<\/div>\n\t\t\t\t\t<\/div>\n\t\t\t\t<\/div>\n\t\t<div class=\"elementor-element elementor-element-ee72601 e-flex e-con-boxed e-con e-parent\" data-id=\"ee72601\" data-element_type=\"container\" data-settings=\"{&quot;background_background&quot;:&quot;classic&quot;}\">\n\t\t\t\t\t<div class=\"e-con-inner\">\n\t\t<div class=\"elementor-element elementor-element-51dbd17 e-con-full e-flex e-con e-child\" data-id=\"51dbd17\" data-element_type=\"container\">\n\t\t\t\t<div class=\"elementor-element elementor-element-5ec2f3c elementor-widget__width-inherit elementor-widget elementor-widget-image\" data-id=\"5ec2f3c\" data-element_type=\"widget\" data-widget_type=\"image.default\">\n\t\t\t\t<div class=\"elementor-widget-container\">\n\t\t\t\t\t\t\t\t\t\t\t\t\t\t\t<img fetchpriority=\"high\" decoding=\"async\" width=\"400\" height=\"600\" src=\"https:\/\/claudiamarcelaestrada.com\/wp-content\/uploads\/2024\/12\/Quien-dio-la-orden_Claudia-Marcela-Estrada-3.jpg\" class=\"attachment-full size-full wp-image-1425\" alt=\"\" srcset=\"https:\/\/claudiamarcelaestrada.com\/wp-content\/uploads\/2024\/12\/Quien-dio-la-orden_Claudia-Marcela-Estrada-3.jpg 400w, https:\/\/claudiamarcelaestrada.com\/wp-content\/uploads\/2024\/12\/Quien-dio-la-orden_Claudia-Marcela-Estrada-3-200x300.jpg 200w\" sizes=\"(max-width: 400px) 100vw, 400px\" \/>\t\t\t\t\t\t\t\t\t\t\t\t\t\t\t<\/div>\n\t\t\t\t<\/div>\n\t\t\t\t<\/div>\n\t\t<div class=\"elementor-element elementor-element-c08b019 e-con-full e-flex e-con e-child\" data-id=\"c08b019\" data-element_type=\"container\">\n\t\t\t\t<div class=\"elementor-element elementor-element-dc53f7e elementor-widget elementor-widget-heading\" data-id=\"dc53f7e\" data-element_type=\"widget\" data-widget_type=\"heading.default\">\n\t\t\t\t<div class=\"elementor-widget-container\">\n\t\t\t\t\t<h2 class=\"elementor-heading-title elementor-size-default\">Sobre l'obra<\/h2>\t\t\t\t<\/div>\n\t\t\t\t<\/div>\n\t\t\t\t<div class=\"elementor-element elementor-element-6a38374 elementor-widget elementor-widget-text-editor\" data-id=\"6a38374\" data-element_type=\"widget\" data-widget_type=\"text-editor.default\">\n\t\t\t\t<div class=\"elementor-widget-container\">\n\t\t\t\t\t\t\t\t\t<p>En un pa\u00eds on la realitat conviu amb la m\u00e0gia, els morts cobren vida per a contar la seva hist\u00f2ria. A principis de 2008, 17 joves van ser desapareguts i assassinats per membres de l'Ex\u00e8rcit colombi\u00e0 per a fer-los passar com a guerrillers morts en combat, i aix\u00ed guanyar premis i bonificacions,  en una estrat\u00e8gia coneguda com a \u2018Falsos positius\u2019. Actualment hi ha m\u00e9s de 10.000 desapareguts i la xifra segueix augmentat. Les mares d'aquests joves exigeixen just\u00edcia; ells es neguen a viure en l'oblit.  Els relats s'entrellacen i tornen a trobar-se en un cam\u00ed que els portar\u00e0 a comptar la seva pr\u00f2pia veritat.<\/p>\t\t\t\t\t\t\t\t<\/div>\n\t\t\t\t<\/div>\n\t\t\t\t<\/div>\n\t\t\t\t\t<\/div>\n\t\t\t\t<\/div>\n\t\t<div class=\"elementor-element elementor-element-56b6683 e-flex e-con-boxed e-con e-parent\" data-id=\"56b6683\" data-element_type=\"container\" data-settings=\"{&quot;background_background&quot;:&quot;classic&quot;}\">\n\t\t\t\t\t<div class=\"e-con-inner\">\n\t\t<div class=\"elementor-element elementor-element-c23468f e-con-full e-flex e-con e-child\" data-id=\"c23468f\" data-element_type=\"container\">\n\t\t\t\t<\/div>\n\t\t\t\t\t<\/div>\n\t\t\t\t<\/div>\n\t\t<div class=\"elementor-element elementor-element-03c163e e-flex e-con-boxed e-con e-parent\" data-id=\"03c163e\" data-element_type=\"container\" data-settings=\"{&quot;background_background&quot;:&quot;classic&quot;}\">\n\t\t\t\t\t<div class=\"e-con-inner\">\n\t\t<div class=\"elementor-element elementor-element-2cdd4fe e-con-full e-flex e-con e-child\" data-id=\"2cdd4fe\" data-element_type=\"container\">\n\t\t\t\t<\/div>\n\t\t\t\t\t<\/div>\n\t\t\t\t<\/div>\n\t\t<div class=\"elementor-element elementor-element-8d24b1e e-flex e-con-boxed e-con e-parent\" data-id=\"8d24b1e\" data-element_type=\"container\" data-settings=\"{&quot;background_background&quot;:&quot;classic&quot;}\">\n\t\t\t\t\t<div class=\"e-con-inner\">\n\t\t<div class=\"elementor-element elementor-element-4bb4304 e-con-full e-flex e-con e-child\" data-id=\"4bb4304\" data-element_type=\"container\">\n\t\t\t\t<\/div>\n\t\t\t\t\t<\/div>\n\t\t\t\t<\/div>\n\t\t<div class=\"elementor-element elementor-element-e2c28e9 e-flex e-con-boxed e-con e-parent\" data-id=\"e2c28e9\" data-element_type=\"container\">\n\t\t\t\t\t<div class=\"e-con-inner\">\n\t\t<div class=\"elementor-element elementor-element-42f1daf e-con-full e-flex e-con e-child\" data-id=\"42f1daf\" data-element_type=\"container\">\n\t\t\t\t<div class=\"elementor-element elementor-element-a2d70a2 elementor-widget elementor-widget-heading\" data-id=\"a2d70a2\" data-element_type=\"widget\" data-widget_type=\"heading.default\">\n\t\t\t\t<div class=\"elementor-widget-container\">\n\t\t\t\t\t<h2 class=\"elementor-heading-title elementor-size-default\">Equip art\u00edstic<\/h2>\t\t\t\t<\/div>\n\t\t\t\t<\/div>\n\t\t\t\t<div class=\"elementor-element elementor-element-6f5d167 elementor-widget elementor-widget-text-editor\" data-id=\"6f5d167\" data-element_type=\"widget\" data-widget_type=\"text-editor.default\">\n\t\t\t\t<div class=\"elementor-widget-container\">\n\t\t\t\t\t\t\t\t\t<p><b>Dramat\u00fargia i direcci\u00f3:\u00a0<\/b><\/p><div><p>Claudia Marcela Estrada Garc\u00eda<\/p><p><b>Int\u00e8rprets:<\/b><br \/>Juliana Ot\u00e1lvaro, Edna Roc\u00edo Rojas Pati\u00f1o, Bianca Palmisano, Lucia De la Guia Espi,Eric Meneses, Pedro L\u00f3pez Navarro, Jordi Drag\u00f3n y Alejandro Saiz<\/p><p><b>M\u00fasica:<\/b><\/p><p>Juanita Candelaria, Felipe Londo\u00f1o y Osvaldo Jim\u00e9nez<\/p><p><b>Dansa:<\/b><br \/>Katerine Olivares<\/p><p><b>Il\u00b7luminaci\u00f3:<\/b><br \/>Yehilyn Rodr\u00edguez<\/p><\/div>\t\t\t\t\t\t\t\t<\/div>\n\t\t\t\t<\/div>\n\t\t\t\t<\/div>\n\t\t<div class=\"elementor-element elementor-element-556d7a9 e-con-full e-flex e-con e-child\" data-id=\"556d7a9\" data-element_type=\"container\">\n\t\t\t\t<div class=\"elementor-element elementor-element-69eb335 elementor-widget elementor-widget-image\" data-id=\"69eb335\" data-element_type=\"widget\" data-widget_type=\"image.default\">\n\t\t\t\t<div class=\"elementor-widget-container\">\n\t\t\t\t\t\t\t\t\t\t\t\t\t\t\t<img decoding=\"async\" width=\"1920\" height=\"1280\" src=\"https:\/\/claudiamarcelaestrada.com\/wp-content\/uploads\/2024\/12\/Quien-dio-la-orden-5.jpg\" class=\"attachment-full size-full wp-image-1427\" alt=\"\" srcset=\"https:\/\/claudiamarcelaestrada.com\/wp-content\/uploads\/2024\/12\/Quien-dio-la-orden-5.jpg 1920w, https:\/\/claudiamarcelaestrada.com\/wp-content\/uploads\/2024\/12\/Quien-dio-la-orden-5-300x200.jpg 300w, https:\/\/claudiamarcelaestrada.com\/wp-content\/uploads\/2024\/12\/Quien-dio-la-orden-5-1024x683.jpg 1024w, https:\/\/claudiamarcelaestrada.com\/wp-content\/uploads\/2024\/12\/Quien-dio-la-orden-5-768x512.jpg 768w, https:\/\/claudiamarcelaestrada.com\/wp-content\/uploads\/2024\/12\/Quien-dio-la-orden-5-1536x1024.jpg 1536w\" sizes=\"(max-width: 1920px) 100vw, 1920px\" \/>\t\t\t\t\t\t\t\t\t\t\t\t\t\t\t<\/div>\n\t\t\t\t<\/div>\n\t\t\t\t<\/div>\n\t\t\t\t\t<\/div>\n\t\t\t\t<\/div>\n\t\t\t\t<\/div>","protected":false},"excerpt":{"rendered":"<p>\u00bfQui\u00e9n dio la orden? Barcelona, 2020. Nau Ivanow Acerca de la obra En un pa\u00eds donde la realidad convive con la magia, los muertos cobran vida para contar su historia. A principios de 2008, 17 j\u00f3venes fueron desaparecidos y asesinados por miembros del Ej\u00e9rcito colombiano para hacerlos pasar como guerrilleros muertos en combate, y as\u00ed [&hellip;]<\/p>","protected":false},"author":1,"featured_media":0,"parent":0,"menu_order":0,"comment_status":"closed","ping_status":"closed","template":"","meta":{"site-sidebar-layout":"no-sidebar","site-content-layout":"page-builder","ast-site-content-layout":"full-width-container","site-content-style":"unboxed","site-sidebar-style":"unboxed","ast-global-header-display":"","ast-banner-title-visibility":"","ast-main-header-display":"","ast-hfb-above-header-display":"","ast-hfb-below-header-display":"","ast-hfb-mobile-header-display":"","site-post-title":"disabled","ast-breadcrumbs-content":"","ast-featured-img":"disabled","footer-sml-layout":"","theme-transparent-header-meta":"enabled","adv-header-id-meta":"","stick-header-meta":"","header-above-stick-meta":"","header-main-stick-meta":"","header-below-stick-meta":"","astra-migrate-meta-layouts":"set","ast-page-background-enabled":"default","ast-page-background-meta":{"desktop":{"background-color":"","background-image":"","background-repeat":"repeat","background-position":"center center","background-size":"auto","background-attachment":"scroll","background-type":"","background-media":"","overlay-type":"","overlay-color":"","overlay-opacity":"","overlay-gradient":""},"tablet":{"background-color":"","background-image":"","background-repeat":"repeat","background-position":"center center","background-size":"auto","background-attachment":"scroll","background-type":"","background-media":"","overlay-type":"","overlay-color":"","overlay-opacity":"","overlay-gradient":""},"mobile":{"background-color":"","background-image":"","background-repeat":"repeat","background-position":"center center","background-size":"auto","background-attachment":"scroll","background-type":"","background-media":"","overlay-type":"","overlay-color":"","overlay-opacity":"","overlay-gradient":""}},"ast-content-background-meta":{"desktop":{"background-color":"var(--ast-global-color-5)","background-image":"","background-repeat":"repeat","background-position":"center center","background-size":"auto","background-attachment":"scroll","background-type":"","background-media":"","overlay-type":"","overlay-color":"","overlay-opacity":"","overlay-gradient":""},"tablet":{"background-color":"var(--ast-global-color-5)","background-image":"","background-repeat":"repeat","background-position":"center center","background-size":"auto","background-attachment":"scroll","background-type":"","background-media":"","overlay-type":"","overlay-color":"","overlay-opacity":"","overlay-gradient":""},"mobile":{"background-color":"var(--ast-global-color-5)","background-image":"","background-repeat":"repeat","background-position":"center center","background-size":"auto","background-attachment":"scroll","background-type":"","background-media":"","overlay-type":"","overlay-color":"","overlay-opacity":"","overlay-gradient":""}},"footnotes":""},"class_list":["post-1413","page","type-page","status-publish","hentry"],"_links":{"self":[{"href":"https:\/\/claudiamarcelaestrada.com\/ca\/wp-json\/wp\/v2\/pages\/1413","targetHints":{"allow":["GET"]}}],"collection":[{"href":"https:\/\/claudiamarcelaestrada.com\/ca\/wp-json\/wp\/v2\/pages"}],"about":[{"href":"https:\/\/claudiamarcelaestrada.com\/ca\/wp-json\/wp\/v2\/types\/page"}],"author":[{"embeddable":true,"href":"https:\/\/claudiamarcelaestrada.com\/ca\/wp-json\/wp\/v2\/users\/1"}],"replies":[{"embeddable":true,"href":"https:\/\/claudiamarcelaestrada.com\/ca\/wp-json\/wp\/v2\/comments?post=1413"}],"version-history":[{"count":0,"href":"https:\/\/claudiamarcelaestrada.com\/ca\/wp-json\/wp\/v2\/pages\/1413\/revisions"}],"wp:attachment":[{"href":"https:\/\/claudiamarcelaestrada.com\/ca\/wp-json\/wp\/v2\/media?parent=1413"}],"curies":[{"name":"wp","href":"https:\/\/api.w.org\/{rel}","templated":true}]}}