{"id":1992,"date":"2025-01-24T15:19:03","date_gmt":"2025-01-24T15:19:03","guid":{"rendered":"https:\/\/claudiamarcelaestrada.com\/?page_id=1992"},"modified":"2025-01-24T16:48:28","modified_gmt":"2025-01-24T16:48:28","slug":"artes-visuales","status":"publish","type":"page","link":"https:\/\/claudiamarcelaestrada.com\/ca\/artes-visuales\/","title":{"rendered":"Arts visuals"},"content":{"rendered":"<div data-elementor-type=\"wp-page\" data-elementor-id=\"1992\" class=\"elementor elementor-1992\" data-elementor-post-type=\"page\">\n\t\t\t\t<div class=\"elementor-element elementor-element-608afca e-flex e-con-boxed e-con e-parent\" data-id=\"608afca\" data-element_type=\"container\" data-settings=\"{&quot;background_background&quot;:&quot;classic&quot;}\">\n\t\t\t\t\t<div class=\"e-con-inner\">\n\t\t<div class=\"elementor-element elementor-element-1acd4e4 e-con-full e-flex e-con e-child\" data-id=\"1acd4e4\" data-element_type=\"container\">\n\t\t\t\t<div class=\"elementor-element elementor-element-f78e0d1 elementor-widget elementor-widget-heading\" data-id=\"f78e0d1\" data-element_type=\"widget\" data-widget_type=\"heading.default\">\n\t\t\t\t<div class=\"elementor-widget-container\">\n\t\t\t\t\t<h1 class=\"elementor-heading-title elementor-size-default\">Arts visuals<\/h1>\t\t\t\t<\/div>\n\t\t\t\t<\/div>\n\t\t\t\t<\/div>\n\t\t\t\t\t<\/div>\n\t\t\t\t<\/div>\n\t\t<div class=\"elementor-element elementor-element-ee72601 e-flex e-con-boxed e-con e-parent\" data-id=\"ee72601\" data-element_type=\"container\" data-settings=\"{&quot;background_background&quot;:&quot;classic&quot;}\">\n\t\t\t\t\t<div class=\"e-con-inner\">\n\t\t<div class=\"elementor-element elementor-element-51dbd17 e-con-full e-flex e-con e-child\" data-id=\"51dbd17\" data-element_type=\"container\">\n\t\t\t\t<\/div>\n\t\t\t\t\t<\/div>\n\t\t\t\t<\/div>\n\t\t<div class=\"elementor-element elementor-element-e08a7bf e-flex e-con-boxed e-con e-parent\" data-id=\"e08a7bf\" data-element_type=\"container\" data-settings=\"{&quot;background_background&quot;:&quot;classic&quot;}\">\n\t\t\t\t\t<div class=\"e-con-inner\">\n\t\t<div class=\"elementor-element elementor-element-dddbbf5 e-con-full e-flex e-con e-child\" data-id=\"dddbbf5\" data-element_type=\"container\">\n\t\t\t\t<\/div>\n\t\t\t\t\t<\/div>\n\t\t\t\t<\/div>\n\t\t<div class=\"elementor-element elementor-element-6524312 e-flex e-con-boxed e-con e-parent\" data-id=\"6524312\" data-element_type=\"container\" data-settings=\"{&quot;background_background&quot;:&quot;classic&quot;}\">\n\t\t\t\t\t<div class=\"e-con-inner\">\n\t\t<div class=\"elementor-element elementor-element-1338f0e e-con-full e-flex e-con e-child\" data-id=\"1338f0e\" data-element_type=\"container\">\n\t\t\t\t<div class=\"elementor-element elementor-element-25bc80a elementor-widget elementor-widget-image\" data-id=\"25bc80a\" data-element_type=\"widget\" data-widget_type=\"image.default\">\n\t\t\t\t<div class=\"elementor-widget-container\">\n\t\t\t\t\t\t\t\t\t\t\t\t\t\t\t\t<a href=\"https:\/\/centroculturalcolombiaenespana.es\/wp-content\/uploads\/2024\/07\/CATALOGO-BIENAL-COMPLETO_compressed-1.pdf\">\n\t\t\t\t\t\t\t<img fetchpriority=\"high\" decoding=\"async\" width=\"400\" height=\"600\" src=\"https:\/\/claudiamarcelaestrada.com\/wp-content\/uploads\/2024\/12\/bienal-de-artistas-colombianos-en-espana-claudia-marcela-estrada-2.jpg\" class=\"attachment-full size-full wp-image-1948\" alt=\"\" srcset=\"https:\/\/claudiamarcelaestrada.com\/wp-content\/uploads\/2024\/12\/bienal-de-artistas-colombianos-en-espana-claudia-marcela-estrada-2.jpg 400w, https:\/\/claudiamarcelaestrada.com\/wp-content\/uploads\/2024\/12\/bienal-de-artistas-colombianos-en-espana-claudia-marcela-estrada-2-200x300.jpg 200w, https:\/\/claudiamarcelaestrada.com\/wp-content\/uploads\/2024\/12\/bienal-de-artistas-colombianos-en-espana-claudia-marcela-estrada-2-8x12.jpg 8w\" sizes=\"(max-width: 400px) 100vw, 400px\" \/>\t\t\t\t\t\t\t\t<\/a>\n\t\t\t\t\t\t\t\t\t\t\t\t\t\t\t<\/div>\n\t\t\t\t<\/div>\n\t\t\t\t<\/div>\n\t\t<div class=\"elementor-element elementor-element-66d226a e-con-full e-flex e-con e-child\" data-id=\"66d226a\" data-element_type=\"container\">\n\t\t\t\t<div class=\"elementor-element elementor-element-39639ef elementor-widget elementor-widget-heading\" data-id=\"39639ef\" data-element_type=\"widget\" data-widget_type=\"heading.default\">\n\t\t\t\t<div class=\"elementor-widget-container\">\n\t\t\t\t\t<h6 class=\"elementor-heading-title elementor-size-default\">Fotograf\u00eda intervenida<\/h6>\t\t\t\t<\/div>\n\t\t\t\t<\/div>\n\t\t\t\t<div class=\"elementor-element elementor-element-48d7d02 elementor-widget elementor-widget-heading\" data-id=\"48d7d02\" data-element_type=\"widget\" data-widget_type=\"heading.default\">\n\t\t\t\t<div class=\"elementor-widget-container\">\n\t\t\t\t\t<h2 class=\"elementor-heading-title elementor-size-default\">Obra: Esquerdes<\/h2>\t\t\t\t<\/div>\n\t\t\t\t<\/div>\n\t\t\t\t<div class=\"elementor-element elementor-element-59c8965 elementor-widget elementor-widget-text-editor\" data-id=\"59c8965\" data-element_type=\"widget\" data-widget_type=\"text-editor.default\">\n\t\t\t\t<div class=\"elementor-widget-container\">\n\t\t\t\t\t\t\t\t\t<p>Trabajo seleccionado en la I Bienal de Artistas colombianos residentes en Colombia.<\/p>\t\t\t\t\t\t\t\t<\/div>\n\t\t\t\t<\/div>\n\t\t\t\t<div class=\"elementor-element elementor-element-0c87823 elementor-widget elementor-widget-text-editor\" data-id=\"0c87823\" data-element_type=\"widget\" data-widget_type=\"text-editor.default\">\n\t\t\t\t<div class=\"elementor-widget-container\">\n\t\t\t\t\t\t\t\t\t<p>\u00abEsquerdes\u00bb \u00e9s una aproximaci\u00f3 visual a la construcci\u00f3 de la identitat en el proc\u00e9s de migraci\u00f3, entre all\u00f2 que encara no es defineix i fluctua entre el record i l'anhel. Tra\u00e7os ambiguos, en qu\u00e8 el passat i el present convisquen per intentar definir all\u00f2 que som mentre seguim caminant.<\/p>\t\t\t\t\t\t\t\t<\/div>\n\t\t\t\t<\/div>\n\t\t\t\t<div class=\"elementor-element elementor-element-0570077 elementor-widget elementor-widget-button\" data-id=\"0570077\" data-element_type=\"widget\" data-widget_type=\"button.default\">\n\t\t\t\t<div class=\"elementor-widget-container\">\n\t\t\t\t\t\t\t\t\t<div class=\"elementor-button-wrapper\">\n\t\t\t\t\t<a class=\"elementor-button elementor-button-link elementor-size-sm\" href=\"https:\/\/claudiamarcelaestrada.com\/ca\/grietas\/\">\n\t\t\t\t\t\t<span class=\"elementor-button-content-wrapper\">\n\t\t\t\t\t\t<span class=\"elementor-button-icon\">\n\t\t\t\t\t\t\t<\/span>\n\t\t\t\t\t\t\t\t\t<span class=\"elementor-button-text\">Ver la obra<\/span>\n\t\t\t\t\t<\/span>\n\t\t\t\t\t<\/a>\n\t\t\t\t<\/div>\n\t\t\t\t\t\t\t\t<\/div>\n\t\t\t\t<\/div>\n\t\t\t\t<\/div>\n\t\t\t\t\t<\/div>\n\t\t\t\t<\/div>\n\t\t<div class=\"elementor-element elementor-element-75a7997 e-flex e-con-boxed e-con e-parent\" data-id=\"75a7997\" data-element_type=\"container\" data-settings=\"{&quot;background_background&quot;:&quot;classic&quot;}\">\n\t\t\t\t\t<div class=\"e-con-inner\">\n\t\t<div class=\"elementor-element elementor-element-badc243 e-con-full e-flex e-con e-child\" data-id=\"badc243\" data-element_type=\"container\">\n\t\t\t\t<\/div>\n\t\t\t\t\t<\/div>\n\t\t\t\t<\/div>\n\t\t<div class=\"elementor-element elementor-element-c5cc21d e-flex e-con-boxed e-con e-parent\" data-id=\"c5cc21d\" data-element_type=\"container\" data-settings=\"{&quot;background_background&quot;:&quot;classic&quot;}\">\n\t\t\t\t\t<div class=\"e-con-inner\">\n\t\t<div class=\"elementor-element elementor-element-a3a0040 e-con-full e-flex e-con e-child\" data-id=\"a3a0040\" data-element_type=\"container\">\n\t\t\t\t<\/div>\n\t\t\t\t\t<\/div>\n\t\t\t\t<\/div>\n\t\t<div class=\"elementor-element elementor-element-73c3b50 e-flex e-con-boxed e-con e-parent\" data-id=\"73c3b50\" data-element_type=\"container\" data-settings=\"{&quot;background_background&quot;:&quot;classic&quot;}\">\n\t\t\t\t\t<div class=\"e-con-inner\">\n\t\t<div class=\"elementor-element elementor-element-94ec6e3 e-con-full e-flex e-con e-child\" data-id=\"94ec6e3\" data-element_type=\"container\">\n\t\t\t\t<div class=\"elementor-element elementor-element-9d63b6f elementor-widget elementor-widget-image\" data-id=\"9d63b6f\" data-element_type=\"widget\" data-widget_type=\"image.default\">\n\t\t\t\t<div class=\"elementor-widget-container\">\n\t\t\t\t\t\t\t\t\t\t\t\t\t\t\t\t<a href=\"https:\/\/centroculturalcolombiaenespana.es\/wp-content\/uploads\/2024\/07\/CATALOGO-BIENAL-COMPLETO_compressed-1.pdf\">\n\t\t\t\t\t\t\t<img decoding=\"async\" width=\"437\" height=\"619\" src=\"https:\/\/claudiamarcelaestrada.com\/wp-content\/uploads\/2025\/01\/la-casa-claudia-marcela-estrada.jpg\" class=\"attachment-full size-full wp-image-2000\" alt=\"\" srcset=\"https:\/\/claudiamarcelaestrada.com\/wp-content\/uploads\/2025\/01\/la-casa-claudia-marcela-estrada.jpg 437w, https:\/\/claudiamarcelaestrada.com\/wp-content\/uploads\/2025\/01\/la-casa-claudia-marcela-estrada-212x300.jpg 212w, https:\/\/claudiamarcelaestrada.com\/wp-content\/uploads\/2025\/01\/la-casa-claudia-marcela-estrada-8x12.jpg 8w\" sizes=\"(max-width: 437px) 100vw, 437px\" \/>\t\t\t\t\t\t\t\t<\/a>\n\t\t\t\t\t\t\t\t\t\t\t\t\t\t\t<\/div>\n\t\t\t\t<\/div>\n\t\t\t\t<\/div>\n\t\t<div class=\"elementor-element elementor-element-2bcf2e4 e-con-full e-flex e-con e-child\" data-id=\"2bcf2e4\" data-element_type=\"container\">\n\t\t\t\t<div class=\"elementor-element elementor-element-3dcef11 elementor-widget elementor-widget-heading\" data-id=\"3dcef11\" data-element_type=\"widget\" data-widget_type=\"heading.default\">\n\t\t\t\t<div class=\"elementor-widget-container\">\n\t\t\t\t\t<h6 class=\"elementor-heading-title elementor-size-default\">Ilustraci\u00f3n<\/h6>\t\t\t\t<\/div>\n\t\t\t\t<\/div>\n\t\t\t\t<div class=\"elementor-element elementor-element-de869d9 elementor-widget elementor-widget-heading\" data-id=\"de869d9\" data-element_type=\"widget\" data-widget_type=\"heading.default\">\n\t\t\t\t<div class=\"elementor-widget-container\">\n\t\t\t\t\t<h2 class=\"elementor-heading-title elementor-size-default\">La casa<\/h2>\t\t\t\t<\/div>\n\t\t\t\t<\/div>\n\t\t\t\t<div class=\"elementor-element elementor-element-3a35a48 elementor-widget elementor-widget-text-editor\" data-id=\"3a35a48\" data-element_type=\"widget\" data-widget_type=\"text-editor.default\">\n\t\t\t\t<div class=\"elementor-widget-container\">\n\t\t\t\t\t\t\t\t\t<p>\u00bfQu\u00e9 es la casa? \u00bfC\u00f3mo construimos ese concepto en la migraci\u00f3n cuando los referentes y lugares habitados ya no est\u00e1n y son reemplazados por otros? &#8216;La casa&#8217; re\u00fane una serie de ilustraciones digitales realizadas en Procreate, que acompa\u00f1adas por peque\u00f1os textos en formato de diario y pretensi\u00f3n de poemas, exploran nuevas formas de construcci\u00f3n del hogar en contextos ajenos a los de la infancia. <\/p>\t\t\t\t\t\t\t\t<\/div>\n\t\t\t\t<\/div>\n\t\t\t\t<div class=\"elementor-element elementor-element-620c03f elementor-widget elementor-widget-button\" data-id=\"620c03f\" data-element_type=\"widget\" data-widget_type=\"button.default\">\n\t\t\t\t<div class=\"elementor-widget-container\">\n\t\t\t\t\t\t\t\t\t<div class=\"elementor-button-wrapper\">\n\t\t\t\t\t<a class=\"elementor-button elementor-button-link elementor-size-sm\" href=\"https:\/\/www.uao.edu.co\/comunicacion-y-ciencias-sociales\/claudia-estrada-un-viaje-de-grietas-a-la-bienal-en-espana\/\">\n\t\t\t\t\t\t<span class=\"elementor-button-content-wrapper\">\n\t\t\t\t\t\t<span class=\"elementor-button-icon\">\n\t\t\t\t\t\t\t<\/span>\n\t\t\t\t\t\t\t\t\t<span class=\"elementor-button-text\">Ver m\u00e1s de la obra<\/span>\n\t\t\t\t\t<\/span>\n\t\t\t\t\t<\/a>\n\t\t\t\t<\/div>\n\t\t\t\t\t\t\t\t<\/div>\n\t\t\t\t<\/div>\n\t\t\t\t<\/div>\n\t\t\t\t\t<\/div>\n\t\t\t\t<\/div>\n\t\t<div class=\"elementor-element elementor-element-451a4b6 e-flex e-con-boxed e-con e-parent\" data-id=\"451a4b6\" data-element_type=\"container\" data-settings=\"{&quot;background_background&quot;:&quot;classic&quot;}\">\n\t\t\t\t\t<div class=\"e-con-inner\">\n\t\t<div class=\"elementor-element elementor-element-449e160 e-con-full e-flex e-con e-child\" data-id=\"449e160\" data-element_type=\"container\">\n\t\t<div class=\"elementor-element elementor-element-9c6b833 e-flex e-con-boxed e-con e-child\" data-id=\"9c6b833\" data-element_type=\"container\">\n\t\t\t\t\t<div class=\"e-con-inner\">\n\t\t<div class=\"elementor-element elementor-element-f3a40a5 e-con-full e-flex e-con e-child\" data-id=\"f3a40a5\" data-element_type=\"container\">\n\t\t\t\t<div class=\"elementor-element elementor-element-873a3fd elementor-widget elementor-widget-heading\" data-id=\"873a3fd\" data-element_type=\"widget\" data-widget_type=\"heading.default\">\n\t\t\t\t<div class=\"elementor-widget-container\">\n\t\t\t\t\t<h2 class=\"elementor-heading-title elementor-size-default\">Llibres i publicacions<\/h2>\t\t\t\t<\/div>\n\t\t\t\t<\/div>\n\t\t\t\t<\/div>\n\t\t\t\t\t<\/div>\n\t\t\t\t<\/div>\n\t\t<div class=\"elementor-element elementor-element-e932bba e-flex e-con-boxed e-con e-child\" data-id=\"e932bba\" data-element_type=\"container\">\n\t\t\t\t\t<div class=\"e-con-inner\">\n\t\t<div class=\"elementor-element elementor-element-16a58d4 e-con-full e-flex e-con e-child\" data-id=\"16a58d4\" data-element_type=\"container\">\n\t\t\t\t<div class=\"elementor-element elementor-element-3cd9398 elementor-widget elementor-widget-image\" data-id=\"3cd9398\" data-element_type=\"widget\" data-widget_type=\"image.default\">\n\t\t\t\t<div class=\"elementor-widget-container\">\n\t\t\t\t\t\t\t\t\t\t\t\t\t\t\t<img decoding=\"async\" width=\"300\" height=\"460\" src=\"https:\/\/claudiamarcelaestrada.com\/wp-content\/uploads\/2024\/12\/la-ultima-y-nos-vamos-claudia-marcela-estrada.jpg\" class=\"attachment-full size-full wp-image-1944\" alt=\"\" srcset=\"https:\/\/claudiamarcelaestrada.com\/wp-content\/uploads\/2024\/12\/la-ultima-y-nos-vamos-claudia-marcela-estrada.jpg 300w, https:\/\/claudiamarcelaestrada.com\/wp-content\/uploads\/2024\/12\/la-ultima-y-nos-vamos-claudia-marcela-estrada-196x300.jpg 196w, https:\/\/claudiamarcelaestrada.com\/wp-content\/uploads\/2024\/12\/la-ultima-y-nos-vamos-claudia-marcela-estrada-8x12.jpg 8w\" sizes=\"(max-width: 300px) 100vw, 300px\" \/>\t\t\t\t\t\t\t\t\t\t\t\t\t\t\t<\/div>\n\t\t\t\t<\/div>\n\t\t\t\t<div class=\"elementor-element elementor-element-9f84036 elementor-widget elementor-widget-heading\" data-id=\"9f84036\" data-element_type=\"widget\" data-widget_type=\"heading.default\">\n\t\t\t\t<div class=\"elementor-widget-container\">\n\t\t\t\t\t<h4 class=\"elementor-heading-title elementor-size-default\">La \u00faltima y nos vamos. Mentiras pa' superar la tusa<\/h4>\t\t\t\t<\/div>\n\t\t\t\t<\/div>\n\t\t\t\t<div class=\"elementor-element elementor-element-bd66a03 elementor-align-center elementor-widget elementor-widget-button\" data-id=\"bd66a03\" data-element_type=\"widget\" data-widget_type=\"button.default\">\n\t\t\t\t<div class=\"elementor-widget-container\">\n\t\t\t\t\t\t\t\t\t<div class=\"elementor-button-wrapper\">\n\t\t\t\t\t<a class=\"elementor-button elementor-button-link elementor-size-sm\" href=\"https:\/\/www.librerianacional.com\/la-ultima-y-nos-vamos\/p?srsltid=AfmBOopUZe_Syi9jKcKVJ8EpOBpUlBn7tK1D8TbBLqXYCMbqJPHjkadD\">\n\t\t\t\t\t\t<span class=\"elementor-button-content-wrapper\">\n\t\t\t\t\t\t<span class=\"elementor-button-icon\">\n\t\t\t\t\t\t\t<\/span>\n\t\t\t\t\t\t\t\t\t<span class=\"elementor-button-text\">Disponible en llibreries<\/span>\n\t\t\t\t\t<\/span>\n\t\t\t\t\t<\/a>\n\t\t\t\t<\/div>\n\t\t\t\t\t\t\t\t<\/div>\n\t\t\t\t<\/div>\n\t\t\t\t<\/div>\n\t\t<div class=\"elementor-element elementor-element-f7dfcda e-con-full e-flex e-con e-child\" data-id=\"f7dfcda\" data-element_type=\"container\">\n\t\t\t\t<div class=\"elementor-element elementor-element-7db4b86 elementor-widget elementor-widget-image\" data-id=\"7db4b86\" data-element_type=\"widget\" data-widget_type=\"image.default\">\n\t\t\t\t<div class=\"elementor-widget-container\">\n\t\t\t\t\t\t\t\t\t\t\t\t\t\t\t<img loading=\"lazy\" decoding=\"async\" width=\"300\" height=\"460\" src=\"https:\/\/claudiamarcelaestrada.com\/wp-content\/uploads\/2024\/12\/Volver-claudia-marcela-estrada.jpg\" class=\"attachment-full size-full wp-image-1949\" alt=\"\" srcset=\"https:\/\/claudiamarcelaestrada.com\/wp-content\/uploads\/2024\/12\/Volver-claudia-marcela-estrada.jpg 300w, https:\/\/claudiamarcelaestrada.com\/wp-content\/uploads\/2024\/12\/Volver-claudia-marcela-estrada-196x300.jpg 196w, https:\/\/claudiamarcelaestrada.com\/wp-content\/uploads\/2024\/12\/Volver-claudia-marcela-estrada-8x12.jpg 8w\" sizes=\"(max-width: 300px) 100vw, 300px\" \/>\t\t\t\t\t\t\t\t\t\t\t\t\t\t\t<\/div>\n\t\t\t\t<\/div>\n\t\t\t\t<div class=\"elementor-element elementor-element-3414937 elementor-widget elementor-widget-heading\" data-id=\"3414937\" data-element_type=\"widget\" data-widget_type=\"heading.default\">\n\t\t\t\t<div class=\"elementor-widget-container\">\n\t\t\t\t\t<h4 class=\"elementor-heading-title elementor-size-default\">Volver<\/h4>\t\t\t\t<\/div>\n\t\t\t\t<\/div>\n\t\t\t\t<div class=\"elementor-element elementor-element-9bd8de6 elementor-align-center elementor-widget elementor-widget-button\" data-id=\"9bd8de6\" data-element_type=\"widget\" data-widget_type=\"button.default\">\n\t\t\t\t<div class=\"elementor-widget-container\">\n\t\t\t\t\t\t\t\t\t<div class=\"elementor-button-wrapper\">\n\t\t\t\t\t<a class=\"elementor-button elementor-button-link elementor-size-sm\" href=\"https:\/\/www.buscalibre.ec\/libro-volver\/9788415263067\/p\/6115076\">\n\t\t\t\t\t\t<span class=\"elementor-button-content-wrapper\">\n\t\t\t\t\t\t<span class=\"elementor-button-icon\">\n\t\t\t\t\t\t\t<\/span>\n\t\t\t\t\t\t\t\t\t<span class=\"elementor-button-text\">Veure m\u00e9s<\/span>\n\t\t\t\t\t<\/span>\n\t\t\t\t\t<\/a>\n\t\t\t\t<\/div>\n\t\t\t\t\t\t\t\t<\/div>\n\t\t\t\t<\/div>\n\t\t\t\t<\/div>\n\t\t<div class=\"elementor-element elementor-element-41f7e52 e-con-full e-flex e-con e-child\" data-id=\"41f7e52\" data-element_type=\"container\">\n\t\t\t\t<div class=\"elementor-element elementor-element-7c7e5bb elementor-widget elementor-widget-image\" data-id=\"7c7e5bb\" data-element_type=\"widget\" data-widget_type=\"image.default\">\n\t\t\t\t<div class=\"elementor-widget-container\">\n\t\t\t\t\t\t\t\t\t\t\t\t\t\t\t<img loading=\"lazy\" decoding=\"async\" width=\"300\" height=\"460\" src=\"https:\/\/claudiamarcelaestrada.com\/wp-content\/uploads\/2024\/12\/arte-y-comunicacion-claudia-marcela-estrada.jpg\" class=\"attachment-full size-full wp-image-1945\" alt=\"\" srcset=\"https:\/\/claudiamarcelaestrada.com\/wp-content\/uploads\/2024\/12\/arte-y-comunicacion-claudia-marcela-estrada.jpg 300w, https:\/\/claudiamarcelaestrada.com\/wp-content\/uploads\/2024\/12\/arte-y-comunicacion-claudia-marcela-estrada-196x300.jpg 196w, https:\/\/claudiamarcelaestrada.com\/wp-content\/uploads\/2024\/12\/arte-y-comunicacion-claudia-marcela-estrada-8x12.jpg 8w\" sizes=\"(max-width: 300px) 100vw, 300px\" \/>\t\t\t\t\t\t\t\t\t\t\t\t\t\t\t<\/div>\n\t\t\t\t<\/div>\n\t\t\t\t<div class=\"elementor-element elementor-element-cf238be elementor-widget elementor-widget-heading\" data-id=\"cf238be\" data-element_type=\"widget\" data-widget_type=\"heading.default\">\n\t\t\t\t<div class=\"elementor-widget-container\">\n\t\t\t\t\t<h4 class=\"elementor-heading-title elementor-size-default\">Arte y Comunicaci\u00f3n<\/h4>\t\t\t\t<\/div>\n\t\t\t\t<\/div>\n\t\t\t\t<div class=\"elementor-element elementor-element-c6e270e elementor-align-center elementor-widget elementor-widget-button\" data-id=\"c6e270e\" data-element_type=\"widget\" data-widget_type=\"button.default\">\n\t\t\t\t<div class=\"elementor-widget-container\">\n\t\t\t\t\t\t\t\t\t<div class=\"elementor-button-wrapper\">\n\t\t\t\t\t<a class=\"elementor-button elementor-button-link elementor-size-sm\" href=\"https:\/\/www.grin.com\/document\/209543?lang=es&#038;srsltid=AfmBOopNGaKyWK9bBdxu-S8x0s4YwWEadx9JFEkgxM02UqGQD-_1xN5O\">\n\t\t\t\t\t\t<span class=\"elementor-button-content-wrapper\">\n\t\t\t\t\t\t<span class=\"elementor-button-icon\">\n\t\t\t\t\t\t\t<\/span>\n\t\t\t\t\t\t\t\t\t<span class=\"elementor-button-text\">Veure m\u00e9s<\/span>\n\t\t\t\t\t<\/span>\n\t\t\t\t\t<\/a>\n\t\t\t\t<\/div>\n\t\t\t\t\t\t\t\t<\/div>\n\t\t\t\t<\/div>\n\t\t\t\t<\/div>\n\t\t\t\t\t<\/div>\n\t\t\t\t<\/div>\n\t\t\t\t<\/div>\n\t\t\t\t\t<\/div>\n\t\t\t\t<\/div>\n\t\t\t\t<\/div>","protected":false},"excerpt":{"rendered":"<p>Artes visuales Fotograf\u00eda intervenida Obra: Grietas Trabajo seleccionado en la I Bienal de Artistas colombianos residentes en Colombia. &#8216;Grietas&#8217; es una aproximaci\u00f3n visual a la construcci\u00f3n de la identidad en el proceso de migraci\u00f3n, entre aquello que a\u00fan no se define y fluct\u00faa entre el recuerdo y el anhelo. Trazos ambiguos, en los que el [&hellip;]<\/p>","protected":false},"author":1,"featured_media":0,"parent":0,"menu_order":0,"comment_status":"closed","ping_status":"closed","template":"","meta":{"site-sidebar-layout":"no-sidebar","site-content-layout":"page-builder","ast-site-content-layout":"full-width-container","site-content-style":"unboxed","site-sidebar-style":"unboxed","ast-global-header-display":"","ast-banner-title-visibility":"","ast-main-header-display":"","ast-hfb-above-header-display":"","ast-hfb-below-header-display":"","ast-hfb-mobile-header-display":"","site-post-title":"disabled","ast-breadcrumbs-content":"","ast-featured-img":"disabled","footer-sml-layout":"","theme-transparent-header-meta":"enabled","adv-header-id-meta":"","stick-header-meta":"","header-above-stick-meta":"","header-main-stick-meta":"","header-below-stick-meta":"","astra-migrate-meta-layouts":"set","ast-page-background-enabled":"default","ast-page-background-meta":{"desktop":{"background-color":"","background-image":"","background-repeat":"repeat","background-position":"center center","background-size":"auto","background-attachment":"scroll","background-type":"","background-media":"","overlay-type":"","overlay-color":"","overlay-opacity":"","overlay-gradient":""},"tablet":{"background-color":"","background-image":"","background-repeat":"repeat","background-position":"center center","background-size":"auto","background-attachment":"scroll","background-type":"","background-media":"","overlay-type":"","overlay-color":"","overlay-opacity":"","overlay-gradient":""},"mobile":{"background-color":"","background-image":"","background-repeat":"repeat","background-position":"center center","background-size":"auto","background-attachment":"scroll","background-type":"","background-media":"","overlay-type":"","overlay-color":"","overlay-opacity":"","overlay-gradient":""}},"ast-content-background-meta":{"desktop":{"background-color":"var(--ast-global-color-5)","background-image":"","background-repeat":"repeat","background-position":"center center","background-size":"auto","background-attachment":"scroll","background-type":"","background-media":"","overlay-type":"","overlay-color":"","overlay-opacity":"","overlay-gradient":""},"tablet":{"background-color":"var(--ast-global-color-5)","background-image":"","background-repeat":"repeat","background-position":"center center","background-size":"auto","background-attachment":"scroll","background-type":"","background-media":"","overlay-type":"","overlay-color":"","overlay-opacity":"","overlay-gradient":""},"mobile":{"background-color":"var(--ast-global-color-5)","background-image":"","background-repeat":"repeat","background-position":"center center","background-size":"auto","background-attachment":"scroll","background-type":"","background-media":"","overlay-type":"","overlay-color":"","overlay-opacity":"","overlay-gradient":""}},"footnotes":""},"class_list":["post-1992","page","type-page","status-publish","hentry"],"_links":{"self":[{"href":"https:\/\/claudiamarcelaestrada.com\/ca\/wp-json\/wp\/v2\/pages\/1992","targetHints":{"allow":["GET"]}}],"collection":[{"href":"https:\/\/claudiamarcelaestrada.com\/ca\/wp-json\/wp\/v2\/pages"}],"about":[{"href":"https:\/\/claudiamarcelaestrada.com\/ca\/wp-json\/wp\/v2\/types\/page"}],"author":[{"embeddable":true,"href":"https:\/\/claudiamarcelaestrada.com\/ca\/wp-json\/wp\/v2\/users\/1"}],"replies":[{"embeddable":true,"href":"https:\/\/claudiamarcelaestrada.com\/ca\/wp-json\/wp\/v2\/comments?post=1992"}],"version-history":[{"count":0,"href":"https:\/\/claudiamarcelaestrada.com\/ca\/wp-json\/wp\/v2\/pages\/1992\/revisions"}],"wp:attachment":[{"href":"https:\/\/claudiamarcelaestrada.com\/ca\/wp-json\/wp\/v2\/media?parent=1992"}],"curies":[{"name":"wp","href":"https:\/\/api.w.org\/{rel}","templated":true}]}}