{"id":2112,"date":"2025-01-24T18:34:14","date_gmt":"2025-01-24T18:34:14","guid":{"rendered":"https:\/\/claudiamarcelaestrada.com\/?page_id=2112"},"modified":"2025-01-24T18:48:20","modified_gmt":"2025-01-24T18:48:20","slug":"la-casa","status":"publish","type":"page","link":"https:\/\/claudiamarcelaestrada.com\/ca\/la-casa\/","title":{"rendered":"La casa"},"content":{"rendered":"<div data-elementor-type=\"wp-page\" data-elementor-id=\"2112\" class=\"elementor elementor-2112\" data-elementor-post-type=\"page\">\n\t\t\t\t<div class=\"elementor-element elementor-element-ee72601 e-flex e-con-boxed e-con e-parent\" data-id=\"ee72601\" data-element_type=\"container\" data-settings=\"{&quot;background_background&quot;:&quot;classic&quot;}\">\n\t\t\t\t\t<div class=\"e-con-inner\">\n\t\t<div class=\"elementor-element elementor-element-c08b019 e-con-full e-flex e-con e-child\" data-id=\"c08b019\" data-element_type=\"container\">\n\t\t\t\t<div class=\"elementor-element elementor-element-f78e0d1 elementor-widget elementor-widget-heading\" data-id=\"f78e0d1\" data-element_type=\"widget\" data-widget_type=\"heading.default\">\n\t\t\t\t<div class=\"elementor-widget-container\">\n\t\t\t\t\t<h1 class=\"elementor-heading-title elementor-size-default\">La casa<\/h1>\t\t\t\t<\/div>\n\t\t\t\t<\/div>\n\t\t\t\t<div class=\"elementor-element elementor-element-0e0b909 elementor-widget elementor-widget-heading\" data-id=\"0e0b909\" data-element_type=\"widget\" data-widget_type=\"heading.default\">\n\t\t\t\t<div class=\"elementor-widget-container\">\n\t\t\t\t\t<h3 class=\"elementor-heading-title elementor-size-default\">[2024]\n<\/h3>\t\t\t\t<\/div>\n\t\t\t\t<\/div>\n\t\t\t\t<\/div>\n\t\t\t\t\t<\/div>\n\t\t\t\t<\/div>\n\t\t<div class=\"elementor-element elementor-element-36b8ccd e-flex e-con-boxed e-con e-parent\" data-id=\"36b8ccd\" data-element_type=\"container\" data-settings=\"{&quot;background_background&quot;:&quot;classic&quot;}\">\n\t\t\t\t\t<div class=\"e-con-inner\">\n\t\t<div class=\"elementor-element elementor-element-6799678 e-con-full e-flex e-con e-child\" data-id=\"6799678\" data-element_type=\"container\">\n\t\t\t\t<div class=\"elementor-element elementor-element-cf4d813 elementor-widget elementor-widget-text-editor\" data-id=\"cf4d813\" data-element_type=\"widget\" data-widget_type=\"text-editor.default\">\n\t\t\t\t<div class=\"elementor-widget-container\">\n\t\t\t\t\t\t\t\t\t<p>\u00bfQu\u00e9 es la casa? \u00bfC\u00f3mo construimos ese concepto en la migraci\u00f3n cuando los referentes y lugares habitados ya no est\u00e1n y son reemplazados por otros? &#8216;La casa&#8217; re\u00fane una serie de ilustraciones digitales realizadas en Procreate, que acompa\u00f1adas por peque\u00f1os textos en formato de diario y pretensi\u00f3n de poemas, exploran nuevas formas de construcci\u00f3n del hogar en contextos ajenos a los de la infancia.<\/p><p>Se trata de un encuentro de dos mundos: Colombia y Barcelona, y c\u00f3mo a partir de las vivencias, personajes y c\u00f3digos presentes en cada uno, ambos territorios se encuentran en el imaginario personal para configurar un nuevo concepto de hogar, el cual juega entre la memoria, el presente y dos lugares que convergen en una y muchas vidas.<\/p>\t\t\t\t\t\t\t\t<\/div>\n\t\t\t\t<\/div>\n\t\t\t\t<\/div>\n\t\t\t\t\t<\/div>\n\t\t\t\t<\/div>\n\t\t<div class=\"elementor-element elementor-element-0d7bc7b e-flex e-con-boxed e-con e-parent\" data-id=\"0d7bc7b\" data-element_type=\"container\" data-settings=\"{&quot;background_background&quot;:&quot;classic&quot;}\">\n\t\t\t\t\t<div class=\"e-con-inner\">\n\t\t<div class=\"elementor-element elementor-element-561722d e-con-full e-flex e-con e-child\" data-id=\"561722d\" data-element_type=\"container\">\n\t\t\t\t<div class=\"elementor-element elementor-element-5e98508 elementor-widget elementor-widget-heading\" data-id=\"5e98508\" data-element_type=\"widget\" data-widget_type=\"heading.default\">\n\t\t\t\t<div class=\"elementor-widget-container\">\n\t\t\t\t\t<h5 class=\"elementor-heading-title elementor-size-default\">Ilustraciones digitales realizadas en Procreate. Impresas en postales tama\u00f1o A5 (14.8 cm x 21 cm) en papel mate de 300 g\/m\u00b2 y en cart\u00f3n pluma (foam) terminado mate formato A3 (29,7 x 42 cm)<\/h5>\t\t\t\t<\/div>\n\t\t\t\t<\/div>\n\t\t\t\t<\/div>\n\t\t\t\t\t<\/div>\n\t\t\t\t<\/div>\n\t\t<div class=\"elementor-element elementor-element-9d8cfe9 e-flex e-con-boxed e-con e-parent\" data-id=\"9d8cfe9\" data-element_type=\"container\" data-settings=\"{&quot;background_background&quot;:&quot;classic&quot;}\">\n\t\t\t\t\t<div class=\"e-con-inner\">\n\t\t<div class=\"elementor-element elementor-element-7501fff e-con-full e-flex e-con e-child\" data-id=\"7501fff\" data-element_type=\"container\">\n\t\t\t\t<div class=\"elementor-element elementor-element-cd6b164 elementor-widget elementor-widget-gallery\" data-id=\"cd6b164\" data-element_type=\"widget\" data-settings=\"{&quot;gallery_layout&quot;:&quot;masonry&quot;,&quot;columns&quot;:2,&quot;gap&quot;:{&quot;unit&quot;:&quot;px&quot;,&quot;size&quot;:18,&quot;sizes&quot;:[]},&quot;lazyload&quot;:&quot;yes&quot;,&quot;columns_tablet&quot;:2,&quot;columns_mobile&quot;:1,&quot;gap_tablet&quot;:{&quot;unit&quot;:&quot;px&quot;,&quot;size&quot;:10,&quot;sizes&quot;:[]},&quot;gap_mobile&quot;:{&quot;unit&quot;:&quot;px&quot;,&quot;size&quot;:10,&quot;sizes&quot;:[]},&quot;link_to&quot;:&quot;file&quot;,&quot;overlay_background&quot;:&quot;yes&quot;,&quot;content_hover_animation&quot;:&quot;fade-in&quot;}\" data-widget_type=\"gallery.default\">\n\t\t\t\t<div class=\"elementor-widget-container\">\n\t\t\t\t\t\t\t<div class=\"elementor-gallery__container\">\n\t\t\t\t\t\t\t<a class=\"e-gallery-item elementor-gallery-item elementor-animated-content\" href=\"https:\/\/claudiamarcelaestrada.com\/wp-content\/uploads\/2025\/01\/Ilustracion-2_Agbar-scaled.jpg\" data-elementor-open-lightbox=\"yes\" data-elementor-lightbox-slideshow=\"cd6b164\" data-elementor-lightbox-title=\"Detr\u00e1s de las monta\u00f1as\" data-elementor-lightbox-description=\"All\u00e1 donde la mirada se pierde,habitan los recuerdos que se visten de presente. \" data-e-action-hash=\"#elementor-action%3Aaction%3Dlightbox%26settings%3DeyJpZCI6MjEyMCwidXJsIjoiaHR0cHM6XC9cL2NsYXVkaWFtYXJjZWxhZXN0cmFkYS5jb21cL3dwLWNvbnRlbnRcL3VwbG9hZHNcLzIwMjVcLzAxXC9JbHVzdHJhY2lvbi0yX0FnYmFyLXNjYWxlZC5qcGciLCJzbGlkZXNob3ciOiJjZDZiMTY0In0%3D\">\n\t\t\t\t\t<div class=\"e-gallery-image elementor-gallery-item__image\" data-thumbnail=\"https:\/\/claudiamarcelaestrada.com\/wp-content\/uploads\/2025\/01\/Ilustracion-2_Agbar-768x1086.jpg\" data-width=\"768\" data-height=\"1086\" aria-label=\"\" role=\"img\" ><\/div>\n\t\t\t\t\t\t\t\t\t\t\t<div class=\"elementor-gallery-item__overlay\"><\/div>\n\t\t\t\t\t\t\t\t\t\t\t\t\t\t<\/a>\n\t\t\t\t\t\t\t<a class=\"e-gallery-item elementor-gallery-item elementor-animated-content\" href=\"https:\/\/claudiamarcelaestrada.com\/wp-content\/uploads\/2025\/01\/Ilustracion-3_Ballena-scaled.jpg\" data-elementor-open-lightbox=\"yes\" data-elementor-lightbox-slideshow=\"cd6b164\" data-elementor-lightbox-title=\"Entre el Pac\u00edfico y el Mediterr\u00e1neo\" data-elementor-lightbox-description=\"Las olas traen ecos de leyendas y atardeceres:algunos rojos, otros de cantos,arrullos y chirim\u00edas. \" data-e-action-hash=\"#elementor-action%3Aaction%3Dlightbox%26settings%3DeyJpZCI6MjEyMSwidXJsIjoiaHR0cHM6XC9cL2NsYXVkaWFtYXJjZWxhZXN0cmFkYS5jb21cL3dwLWNvbnRlbnRcL3VwbG9hZHNcLzIwMjVcLzAxXC9JbHVzdHJhY2lvbi0zX0JhbGxlbmEtc2NhbGVkLmpwZyIsInNsaWRlc2hvdyI6ImNkNmIxNjQifQ%3D%3D\">\n\t\t\t\t\t<div class=\"e-gallery-image elementor-gallery-item__image\" data-thumbnail=\"https:\/\/claudiamarcelaestrada.com\/wp-content\/uploads\/2025\/01\/Ilustracion-3_Ballena-768x543.jpg\" data-width=\"768\" data-height=\"543\" aria-label=\"\" role=\"img\" ><\/div>\n\t\t\t\t\t\t\t\t\t\t\t<div class=\"elementor-gallery-item__overlay\"><\/div>\n\t\t\t\t\t\t\t\t\t\t\t\t\t\t<\/a>\n\t\t\t\t\t\t\t<a class=\"e-gallery-item elementor-gallery-item elementor-animated-content\" href=\"https:\/\/claudiamarcelaestrada.com\/wp-content\/uploads\/2025\/01\/Ilustracion-1_Gaudi-scaled.jpg\" data-elementor-open-lightbox=\"yes\" data-elementor-lightbox-slideshow=\"cd6b164\" data-elementor-lightbox-title=\"Ciudades de colores\" data-elementor-lightbox-description=\"La memoria nos vuelve inmortales\" data-e-action-hash=\"#elementor-action%3Aaction%3Dlightbox%26settings%3DeyJpZCI6MjExOSwidXJsIjoiaHR0cHM6XC9cL2NsYXVkaWFtYXJjZWxhZXN0cmFkYS5jb21cL3dwLWNvbnRlbnRcL3VwbG9hZHNcLzIwMjVcLzAxXC9JbHVzdHJhY2lvbi0xX0dhdWRpLXNjYWxlZC5qcGciLCJzbGlkZXNob3ciOiJjZDZiMTY0In0%3D\">\n\t\t\t\t\t<div class=\"e-gallery-image elementor-gallery-item__image\" data-thumbnail=\"https:\/\/claudiamarcelaestrada.com\/wp-content\/uploads\/2025\/01\/Ilustracion-1_Gaudi-768x1086.jpg\" data-width=\"768\" data-height=\"1086\" aria-label=\"\" role=\"img\" ><\/div>\n\t\t\t\t\t\t\t\t\t\t\t<div class=\"elementor-gallery-item__overlay\"><\/div>\n\t\t\t\t\t\t\t\t\t\t\t\t\t\t<\/a>\n\t\t\t\t\t\t\t<a class=\"e-gallery-item elementor-gallery-item elementor-animated-content\" href=\"https:\/\/claudiamarcelaestrada.com\/wp-content\/uploads\/2025\/01\/Ilustracion-4_Cafe-scaled.jpg\" data-elementor-open-lightbox=\"yes\" data-elementor-lightbox-slideshow=\"cd6b164\" data-elementor-lightbox-title=\"En mi casa aprend\u00ed a decir &quot;te quiero&quot;\" data-elementor-lightbox-description=\"La casa est\u00e1 en cualquier lugar:en el caf\u00e9 con panela de mi abuelita,en el desayuno de mi pap\u00e1cuando voy a visitarlo,en el &quot;te dej\u00e9 caf\u00e9&quot; c\u00f3mplice de mi amor cada ma\u00f1ana.La casa est\u00e1 en cualquier lugar,la casa est\u00e1 donde se calienta el coraz\u00f3n. \" data-e-action-hash=\"#elementor-action%3Aaction%3Dlightbox%26settings%3DeyJpZCI6MjEyMiwidXJsIjoiaHR0cHM6XC9cL2NsYXVkaWFtYXJjZWxhZXN0cmFkYS5jb21cL3dwLWNvbnRlbnRcL3VwbG9hZHNcLzIwMjVcLzAxXC9JbHVzdHJhY2lvbi00X0NhZmUtc2NhbGVkLmpwZyIsInNsaWRlc2hvdyI6ImNkNmIxNjQifQ%3D%3D\">\n\t\t\t\t\t<div class=\"e-gallery-image elementor-gallery-item__image\" data-thumbnail=\"https:\/\/claudiamarcelaestrada.com\/wp-content\/uploads\/2025\/01\/Ilustracion-4_Cafe-768x543.jpg\" data-width=\"768\" data-height=\"543\" aria-label=\"\" role=\"img\" ><\/div>\n\t\t\t\t\t\t\t\t\t\t\t<div class=\"elementor-gallery-item__overlay\"><\/div>\n\t\t\t\t\t\t\t\t\t\t\t\t\t\t<\/a>\n\t\t\t\t\t\t\t<a class=\"e-gallery-item elementor-gallery-item elementor-animated-content\" href=\"https:\/\/claudiamarcelaestrada.com\/wp-content\/uploads\/2025\/01\/Ilustracion-5_La-Casa-scaled.jpg\" data-elementor-open-lightbox=\"yes\" data-elementor-lightbox-slideshow=\"cd6b164\" data-elementor-lightbox-title=\"Mi casa\" data-e-action-hash=\"#elementor-action%3Aaction%3Dlightbox%26settings%3DeyJpZCI6MjEyNCwidXJsIjoiaHR0cHM6XC9cL2NsYXVkaWFtYXJjZWxhZXN0cmFkYS5jb21cL3dwLWNvbnRlbnRcL3VwbG9hZHNcLzIwMjVcLzAxXC9JbHVzdHJhY2lvbi01X0xhLUNhc2Etc2NhbGVkLmpwZyIsInNsaWRlc2hvdyI6ImNkNmIxNjQifQ%3D%3D\">\n\t\t\t\t\t<div class=\"e-gallery-image elementor-gallery-item__image\" data-thumbnail=\"https:\/\/claudiamarcelaestrada.com\/wp-content\/uploads\/2025\/01\/Ilustracion-5_La-Casa-768x543.jpg\" data-width=\"768\" data-height=\"543\" aria-label=\"\" role=\"img\" ><\/div>\n\t\t\t\t\t\t\t\t\t\t\t<div class=\"elementor-gallery-item__overlay\"><\/div>\n\t\t\t\t\t\t\t\t\t\t\t\t\t\t<\/a>\n\t\t\t\t\t<\/div>\n\t\t\t\t\t<\/div>\n\t\t\t\t<\/div>\n\t\t\t\t<\/div>\n\t\t\t\t\t<\/div>\n\t\t\t\t<\/div>\n\t\t\t\t<\/div>","protected":false},"excerpt":{"rendered":"<p>La casa [2024] \u00bfQu\u00e9 es la casa? \u00bfC\u00f3mo construimos ese concepto en la migraci\u00f3n cuando los referentes y lugares habitados ya no est\u00e1n y son reemplazados por otros? &#8216;La casa&#8217; re\u00fane una serie de ilustraciones digitales realizadas en Procreate, que acompa\u00f1adas por peque\u00f1os textos en formato de diario y pretensi\u00f3n de poemas, exploran nuevas formas [&hellip;]<\/p>","protected":false},"author":1,"featured_media":0,"parent":0,"menu_order":0,"comment_status":"closed","ping_status":"closed","template":"","meta":{"site-sidebar-layout":"no-sidebar","site-content-layout":"page-builder","ast-site-content-layout":"full-width-container","site-content-style":"unboxed","site-sidebar-style":"unboxed","ast-global-header-display":"","ast-banner-title-visibility":"","ast-main-header-display":"","ast-hfb-above-header-display":"","ast-hfb-below-header-display":"","ast-hfb-mobile-header-display":"","site-post-title":"disabled","ast-breadcrumbs-content":"","ast-featured-img":"disabled","footer-sml-layout":"","theme-transparent-header-meta":"enabled","adv-header-id-meta":"","stick-header-meta":"","header-above-stick-meta":"","header-main-stick-meta":"","header-below-stick-meta":"","astra-migrate-meta-layouts":"set","ast-page-background-enabled":"default","ast-page-background-meta":{"desktop":{"background-color":"","background-image":"","background-repeat":"repeat","background-position":"center center","background-size":"auto","background-attachment":"scroll","background-type":"","background-media":"","overlay-type":"","overlay-color":"","overlay-opacity":"","overlay-gradient":""},"tablet":{"background-color":"","background-image":"","background-repeat":"repeat","background-position":"center center","background-size":"auto","background-attachment":"scroll","background-type":"","background-media":"","overlay-type":"","overlay-color":"","overlay-opacity":"","overlay-gradient":""},"mobile":{"background-color":"","background-image":"","background-repeat":"repeat","background-position":"center center","background-size":"auto","background-attachment":"scroll","background-type":"","background-media":"","overlay-type":"","overlay-color":"","overlay-opacity":"","overlay-gradient":""}},"ast-content-background-meta":{"desktop":{"background-color":"var(--ast-global-color-5)","background-image":"","background-repeat":"repeat","background-position":"center center","background-size":"auto","background-attachment":"scroll","background-type":"","background-media":"","overlay-type":"","overlay-color":"","overlay-opacity":"","overlay-gradient":""},"tablet":{"background-color":"var(--ast-global-color-5)","background-image":"","background-repeat":"repeat","background-position":"center center","background-size":"auto","background-attachment":"scroll","background-type":"","background-media":"","overlay-type":"","overlay-color":"","overlay-opacity":"","overlay-gradient":""},"mobile":{"background-color":"var(--ast-global-color-5)","background-image":"","background-repeat":"repeat","background-position":"center center","background-size":"auto","background-attachment":"scroll","background-type":"","background-media":"","overlay-type":"","overlay-color":"","overlay-opacity":"","overlay-gradient":""}},"footnotes":""},"class_list":["post-2112","page","type-page","status-publish","hentry"],"_links":{"self":[{"href":"https:\/\/claudiamarcelaestrada.com\/ca\/wp-json\/wp\/v2\/pages\/2112","targetHints":{"allow":["GET"]}}],"collection":[{"href":"https:\/\/claudiamarcelaestrada.com\/ca\/wp-json\/wp\/v2\/pages"}],"about":[{"href":"https:\/\/claudiamarcelaestrada.com\/ca\/wp-json\/wp\/v2\/types\/page"}],"author":[{"embeddable":true,"href":"https:\/\/claudiamarcelaestrada.com\/ca\/wp-json\/wp\/v2\/users\/1"}],"replies":[{"embeddable":true,"href":"https:\/\/claudiamarcelaestrada.com\/ca\/wp-json\/wp\/v2\/comments?post=2112"}],"version-history":[{"count":0,"href":"https:\/\/claudiamarcelaestrada.com\/ca\/wp-json\/wp\/v2\/pages\/2112\/revisions"}],"wp:attachment":[{"href":"https:\/\/claudiamarcelaestrada.com\/ca\/wp-json\/wp\/v2\/media?parent=2112"}],"curies":[{"name":"wp","href":"https:\/\/api.w.org\/{rel}","templated":true}]}}