{"id":691,"date":"2024-12-21T13:41:35","date_gmt":"2024-12-21T13:41:35","guid":{"rendered":"https:\/\/claudiamarcelaestrada.com\/?page_id=691"},"modified":"2025-08-10T10:04:41","modified_gmt":"2025-08-10T10:04:41","slug":"el-tiempo-que-nos-queda","status":"publish","type":"page","link":"https:\/\/claudiamarcelaestrada.com\/ca\/el-tiempo-que-nos-queda\/","title":{"rendered":"El temps que ens queda"},"content":{"rendered":"<div data-elementor-type=\"wp-page\" data-elementor-id=\"691\" class=\"elementor elementor-691\" data-elementor-post-type=\"page\">\n\t\t\t\t<div class=\"elementor-element elementor-element-608afca e-flex e-con-boxed e-con e-parent\" data-id=\"608afca\" data-element_type=\"container\" data-settings=\"{&quot;background_background&quot;:&quot;classic&quot;}\">\n\t\t\t\t\t<div class=\"e-con-inner\">\n\t\t<div class=\"elementor-element elementor-element-1acd4e4 e-con-full e-flex e-con e-child\" data-id=\"1acd4e4\" data-element_type=\"container\">\n\t\t\t\t<div class=\"elementor-element elementor-element-f78e0d1 elementor-widget elementor-widget-heading\" data-id=\"f78e0d1\" data-element_type=\"widget\" data-widget_type=\"heading.default\">\n\t\t\t\t<div class=\"elementor-widget-container\">\n\t\t\t\t\t<h1 class=\"elementor-heading-title elementor-size-default\">El temps que ens queda<\/h1>\t\t\t\t<\/div>\n\t\t\t\t<\/div>\n\t\t\t\t<div class=\"elementor-element elementor-element-c29c2a5 elementor-widget elementor-widget-text-editor\" data-id=\"c29c2a5\" data-element_type=\"widget\" data-widget_type=\"text-editor.default\">\n\t\t\t\t<div class=\"elementor-widget-container\">\n\t\t\t\t\t\t\t\t\t<p>Obra guanyadora de la resid\u00e8ncia de creaci\u00f3 2024 de la sala Perif\u00e8ria Cimarronas.<\/p>\t\t\t\t\t\t\t\t<\/div>\n\t\t\t\t<\/div>\n\t\t\t\t<\/div>\n\t\t\t\t\t<\/div>\n\t\t\t\t<\/div>\n\t\t<div class=\"elementor-element elementor-element-47157e4 e-flex e-con-boxed e-con e-parent\" data-id=\"47157e4\" data-element_type=\"container\">\n\t\t\t\t\t<div class=\"e-con-inner\">\n\t\t<div class=\"elementor-element elementor-element-080fde8 e-con-full e-flex e-con e-child\" data-id=\"080fde8\" data-element_type=\"container\">\n\t\t\t\t<div class=\"elementor-element elementor-element-1ff97c6 elementor-widget elementor-widget-heading\" data-id=\"1ff97c6\" data-element_type=\"widget\" data-widget_type=\"heading.default\">\n\t\t\t\t<div class=\"elementor-widget-container\">\n\t\t\t\t\t<p class=\"elementor-heading-title elementor-size-default\">Dues morts treballen donant ordre i equilibri a la vida dels humans a la terra; un dia, per\u00f2, el temps els anuncia la imminent extinci\u00f3 de la humanitat, i on no hi ha vida tampoc hi pot haver mort. Inicia el compte regressiu.<\/p>\t\t\t\t<\/div>\n\t\t\t\t<\/div>\n\t\t\t\t<\/div>\n\t\t\t\t\t<\/div>\n\t\t\t\t<\/div>\n\t\t<div class=\"elementor-element elementor-element-ee72601 e-flex e-con-boxed e-con e-parent\" data-id=\"ee72601\" data-element_type=\"container\" data-settings=\"{&quot;background_background&quot;:&quot;classic&quot;}\">\n\t\t\t\t\t<div class=\"e-con-inner\">\n\t\t<div class=\"elementor-element elementor-element-51dbd17 e-con-full e-flex e-con e-child\" data-id=\"51dbd17\" data-element_type=\"container\">\n\t\t\t\t<div class=\"elementor-element elementor-element-5ec2f3c elementor-widget__width-inherit elementor-widget elementor-widget-image\" data-id=\"5ec2f3c\" data-element_type=\"widget\" data-widget_type=\"image.default\">\n\t\t\t\t<div class=\"elementor-widget-container\">\n\t\t\t\t\t\t\t\t\t\t\t\t\t\t\t<img fetchpriority=\"high\" decoding=\"async\" width=\"400\" height=\"600\" src=\"https:\/\/claudiamarcelaestrada.com\/wp-content\/uploads\/2025\/08\/el-tiempo-que-nos-queda-en-tuncion-teatro-claudia-marcela-estrada-barcelona-2.jpg\" class=\"attachment-full size-full wp-image-2177\" alt=\"\" srcset=\"https:\/\/claudiamarcelaestrada.com\/wp-content\/uploads\/2025\/08\/el-tiempo-que-nos-queda-en-tuncion-teatro-claudia-marcela-estrada-barcelona-2.jpg 400w, https:\/\/claudiamarcelaestrada.com\/wp-content\/uploads\/2025\/08\/el-tiempo-que-nos-queda-en-tuncion-teatro-claudia-marcela-estrada-barcelona-2-200x300.jpg 200w, https:\/\/claudiamarcelaestrada.com\/wp-content\/uploads\/2025\/08\/el-tiempo-que-nos-queda-en-tuncion-teatro-claudia-marcela-estrada-barcelona-2-8x12.jpg 8w\" sizes=\"(max-width: 400px) 100vw, 400px\" \/>\t\t\t\t\t\t\t\t\t\t\t\t\t\t\t<\/div>\n\t\t\t\t<\/div>\n\t\t\t\t<\/div>\n\t\t<div class=\"elementor-element elementor-element-c08b019 e-con-full e-flex e-con e-child\" data-id=\"c08b019\" data-element_type=\"container\">\n\t\t\t\t<div class=\"elementor-element elementor-element-dc53f7e elementor-widget elementor-widget-heading\" data-id=\"dc53f7e\" data-element_type=\"widget\" data-widget_type=\"heading.default\">\n\t\t\t\t<div class=\"elementor-widget-container\">\n\t\t\t\t\t<h2 class=\"elementor-heading-title elementor-size-default\">Sobre l'obra<\/h2>\t\t\t\t<\/div>\n\t\t\t\t<\/div>\n\t\t\t\t<div class=\"elementor-element elementor-element-6a38374 elementor-widget elementor-widget-text-editor\" data-id=\"6a38374\" data-element_type=\"widget\" data-widget_type=\"text-editor.default\">\n\t\t\t\t<div class=\"elementor-widget-container\">\n\t\t\t\t\t\t\t\t\t<p>\u2018<strong>El temps que ens queda<\/strong>\u2019 aborda diferents tem\u00e0tiques socials com la migraci\u00f3, el desequilibri econ\u00f2mic, pol\u00edtic, social i la crisi mediambiental. Des d'una esfera m\u00e9s \u00edntima tamb\u00e9 parla de situacions vitals com la maternitat i l'oblit. Tot aix\u00f2 en un espai on\u00edric que no est\u00e0 lligat a cap territori o context particular, ja que el nostre objectiu \u00e9s que el p\u00fablic descobreixi que malgrat els elements culturals, pol\u00edtics o religiosos que semblen definir-nos, la nostra ess\u00e8ncia com a \u00e9ssers humans la mateixa.<\/p><p>D'aquesta manera, 'El temps que ens queda' proposa una reflexi\u00f3 individual i col\u00b7lectiva sobre els aspectes vitals que defineixen la nostra exist\u00e8ncia, mitjan\u00e7ant un viatge ple de girs i emocions.<\/p>\t\t\t\t\t\t\t\t<\/div>\n\t\t\t\t<\/div>\n\t\t\t\t<div class=\"elementor-element elementor-element-9e732e6 elementor-widget elementor-widget-button\" data-id=\"9e732e6\" data-element_type=\"widget\" data-widget_type=\"button.default\">\n\t\t\t\t<div class=\"elementor-widget-container\">\n\t\t\t\t\t\t\t\t\t<div class=\"elementor-button-wrapper\">\n\t\t\t\t\t<a class=\"elementor-button elementor-button-link elementor-size-sm\" href=\"https:\/\/www.youtube.com\/watch?v=6biNpuESHco&#038;feature=youtu.be\" target=\"_blank\">\n\t\t\t\t\t\t<span class=\"elementor-button-content-wrapper\">\n\t\t\t\t\t\t<span class=\"elementor-button-icon\">\n\t\t\t\t\t\t\t<\/span>\n\t\t\t\t\t\t\t\t\t<span class=\"elementor-button-text\">Mira el teaser de l'obra aqu\u00ed<\/span>\n\t\t\t\t\t<\/span>\n\t\t\t\t\t<\/a>\n\t\t\t\t<\/div>\n\t\t\t\t\t\t\t\t<\/div>\n\t\t\t\t<\/div>\n\t\t\t\t<\/div>\n\t\t\t\t\t<\/div>\n\t\t\t\t<\/div>\n\t\t<div class=\"elementor-element elementor-element-8c8ff0d e-flex e-con-boxed e-con e-parent\" data-id=\"8c8ff0d\" data-element_type=\"container\" data-settings=\"{&quot;background_background&quot;:&quot;classic&quot;}\">\n\t\t\t\t\t<div class=\"e-con-inner\">\n\t\t<div class=\"elementor-element elementor-element-7c9bb64 e-con-full e-flex e-con e-child\" data-id=\"7c9bb64\" data-element_type=\"container\">\n\t\t\t\t<\/div>\n\t\t\t\t\t<\/div>\n\t\t\t\t<\/div>\n\t\t<div class=\"elementor-element elementor-element-455dd0d e-flex e-con-boxed e-con e-parent\" data-id=\"455dd0d\" data-element_type=\"container\" data-settings=\"{&quot;background_background&quot;:&quot;classic&quot;}\">\n\t\t\t\t\t<div class=\"e-con-inner\">\n\t\t\t\t<div class=\"elementor-element elementor-element-873a3fd elementor-widget elementor-widget-heading\" data-id=\"873a3fd\" data-element_type=\"widget\" data-widget_type=\"heading.default\">\n\t\t\t\t<div class=\"elementor-widget-container\">\n\t\t\t\t\t<h2 class=\"elementor-heading-title elementor-size-default\">Teaser de l'obra:<\/h2>\t\t\t\t<\/div>\n\t\t\t\t<\/div>\n\t\t\t\t<div class=\"elementor-element elementor-element-b392689 elementor-widget elementor-widget-video\" data-id=\"b392689\" data-element_type=\"widget\" data-settings=\"{&quot;youtube_url&quot;:&quot;https:\\\/\\\/www.youtube.com\\\/watch?v=O3Dr1LgJuh8&amp;t=2s&quot;,&quot;show_image_overlay&quot;:&quot;yes&quot;,&quot;image_overlay&quot;:{&quot;url&quot;:&quot;https:\\\/\\\/claudiamarcelaestrada.com\\\/wp-content\\\/uploads\\\/2025\\\/08\\\/el-tiempo-que-nos-queda-en-tuncion-teatro-claudia-marcela-estrada-barcelona-4.jpg&quot;,&quot;id&quot;:2179,&quot;size&quot;:&quot;&quot;,&quot;alt&quot;:&quot;&quot;,&quot;source&quot;:&quot;library&quot;},&quot;video_type&quot;:&quot;youtube&quot;,&quot;controls&quot;:&quot;yes&quot;}\" data-widget_type=\"video.default\">\n\t\t\t\t<div class=\"elementor-widget-container\">\n\t\t\t\t\t\t\t<div class=\"elementor-wrapper elementor-open-inline\">\n\t\t\t<div class=\"elementor-video\"><\/div>\t\t\t\t<div class=\"elementor-custom-embed-image-overlay\" style=\"background-image: url(https:\/\/claudiamarcelaestrada.com\/wp-content\/uploads\/2025\/08\/el-tiempo-que-nos-queda-en-tuncion-teatro-claudia-marcela-estrada-barcelona-4.jpg);\">\n\t\t\t\t\t\t\t\t\t\t\t\t\t\t\t\t<div class=\"elementor-custom-embed-play\" role=\"button\" aria-label=\"Reprodueix v\u00eddeo\" tabindex=\"0\">\n\t\t\t\t\t\t\t<svg aria-hidden=\"true\" class=\"e-font-icon-svg e-eicon-play\" viewbox=\"0 0 1000 1000\" xmlns=\"http:\/\/www.w3.org\/2000\/svg\"><path d=\"M838 162C746 71 633 25 500 25 371 25 258 71 163 162 71 254 25 367 25 500 25 633 71 746 163 837 254 929 367 979 500 979 633 979 746 933 838 837 929 746 975 633 975 500 975 367 929 254 838 162M808 192C892 279 933 379 933 500 933 621 892 725 808 808 725 892 621 938 500 938 379 938 279 896 196 808 113 725 67 621 67 500 67 379 108 279 196 192 279 108 383 62 500 62 621 62 721 108 808 192M438 392V642L642 517 438 392Z\"><\/path><\/svg>\t\t\t\t\t\t<\/div>\n\t\t\t\t\t\t\t\t\t<\/div>\n\t\t\t\t\t<\/div>\n\t\t\t\t\t\t<\/div>\n\t\t\t\t<\/div>\n\t\t\t\t\t<\/div>\n\t\t\t\t<\/div>\n\t\t<div class=\"elementor-element elementor-element-e2c28e9 e-flex e-con-boxed e-con e-parent\" data-id=\"e2c28e9\" data-element_type=\"container\">\n\t\t\t\t\t<div class=\"e-con-inner\">\n\t\t<div class=\"elementor-element elementor-element-42f1daf e-con-full e-flex e-con e-child\" data-id=\"42f1daf\" data-element_type=\"container\">\n\t\t\t\t<div class=\"elementor-element elementor-element-a2d70a2 elementor-widget elementor-widget-heading\" data-id=\"a2d70a2\" data-element_type=\"widget\" data-widget_type=\"heading.default\">\n\t\t\t\t<div class=\"elementor-widget-container\">\n\t\t\t\t\t<h2 class=\"elementor-heading-title elementor-size-default\">Equip art\u00edstic<\/h2>\t\t\t\t<\/div>\n\t\t\t\t<\/div>\n\t\t\t\t<div class=\"elementor-element elementor-element-6f5d167 elementor-widget elementor-widget-text-editor\" data-id=\"6f5d167\" data-element_type=\"widget\" data-widget_type=\"text-editor.default\">\n\t\t\t\t<div class=\"elementor-widget-container\">\n\t\t\t\t\t\t\t\t\t<p><b>Dramat\u00fargia i direcci\u00f3:\u00a0<\/b><\/p><div><p>Claudia Marcela Estrada Garc\u00eda<\/p><p><b>Int\u00e8rprets:<\/b><br \/>Fernando Unzueta y Clara Barniol<\/p><p><b>M\u00fasica en directe i espai sonor:<\/b><br \/>Miguel Ram\u00f3n<\/p><\/div><p><strong>Dise\u00f1o escenogr\u00e1fico y control de ilumniaci\u00f3n:<\/strong><br \/>Kala Badessich<\/p><div><p><b>Disseny d'il\u00b7luminaci\u00f3:<\/b><\/p><p>Heidi Valda\u00a0<\/p><p><b>Disseny de vestuari:<\/b><br \/>Rub\u00e9n Garc\u00eda Fern\u00e1ndez<\/p><p><b>Fotografia:<\/b><br \/>Andr\u00e9s Rozo Samer<\/p><\/div>\t\t\t\t\t\t\t\t<\/div>\n\t\t\t\t<\/div>\n\t\t\t\t<\/div>\n\t\t<div class=\"elementor-element elementor-element-556d7a9 e-con-full e-flex e-con e-child\" data-id=\"556d7a9\" data-element_type=\"container\">\n\t\t\t\t<div class=\"elementor-element elementor-element-69eb335 elementor-widget elementor-widget-image\" data-id=\"69eb335\" data-element_type=\"widget\" data-widget_type=\"image.default\">\n\t\t\t\t<div class=\"elementor-widget-container\">\n\t\t\t\t\t\t\t\t\t\t\t\t\t\t\t<img decoding=\"async\" width=\"922\" height=\"646\" src=\"https:\/\/claudiamarcelaestrada.com\/wp-content\/uploads\/2024\/12\/el-tiempo-que-nos-queda-equipo.jpg\" class=\"attachment-full size-full wp-image-1349\" alt=\"\" srcset=\"https:\/\/claudiamarcelaestrada.com\/wp-content\/uploads\/2024\/12\/el-tiempo-que-nos-queda-equipo.jpg 922w, https:\/\/claudiamarcelaestrada.com\/wp-content\/uploads\/2024\/12\/el-tiempo-que-nos-queda-equipo-300x210.jpg 300w, https:\/\/claudiamarcelaestrada.com\/wp-content\/uploads\/2024\/12\/el-tiempo-que-nos-queda-equipo-768x538.jpg 768w\" sizes=\"(max-width: 922px) 100vw, 922px\" \/>\t\t\t\t\t\t\t\t\t\t\t\t\t\t\t<\/div>\n\t\t\t\t<\/div>\n\t\t\t\t<\/div>\n\t\t\t\t\t<\/div>\n\t\t\t\t<\/div>\n\t\t<div class=\"elementor-element elementor-element-901ed2b e-flex e-con-boxed e-con e-parent\" data-id=\"901ed2b\" data-element_type=\"container\" data-settings=\"{&quot;background_background&quot;:&quot;classic&quot;}\">\n\t\t\t\t\t<div class=\"e-con-inner\">\n\t\t<div class=\"elementor-element elementor-element-ae3639f e-con-full e-flex e-con e-child\" data-id=\"ae3639f\" data-element_type=\"container\">\n\t\t\t\t<\/div>\n\t\t\t\t\t<\/div>\n\t\t\t\t<\/div>\n\t\t<div class=\"elementor-element elementor-element-4a38d8f e-flex e-con-boxed e-con e-parent\" data-id=\"4a38d8f\" data-element_type=\"container\" data-settings=\"{&quot;background_background&quot;:&quot;classic&quot;}\">\n\t\t\t\t\t<div class=\"e-con-inner\">\n\t\t\t\t<div class=\"elementor-element elementor-element-f2d92fc elementor-widget elementor-widget-heading\" data-id=\"f2d92fc\" data-element_type=\"widget\" data-widget_type=\"heading.default\">\n\t\t\t\t<div class=\"elementor-widget-container\">\n\t\t\t\t\t<h2 class=\"elementor-heading-title elementor-size-default\">El que diuen:<\/h2>\t\t\t\t<\/div>\n\t\t\t\t<\/div>\n\t\t<div class=\"elementor-element elementor-element-1f79c5a e-con-full e-flex e-con e-child\" data-id=\"1f79c5a\" data-element_type=\"container\">\n\t\t<div class=\"elementor-element elementor-element-e8e1b13 e-con-full e-flex e-con e-child\" data-id=\"e8e1b13\" data-element_type=\"container\">\n\t\t\t\t<div class=\"elementor-element elementor-element-f536440 elementor-widget elementor-widget-heading\" data-id=\"f536440\" data-element_type=\"widget\" data-widget_type=\"heading.default\">\n\t\t\t\t<div class=\"elementor-widget-container\">\n\t\t\t\t\t<h3 class=\"elementor-heading-title elementor-size-default\">Junio<\/h3>\t\t\t\t<\/div>\n\t\t\t\t<\/div>\n\t\t\t\t<div class=\"elementor-element elementor-element-29091a6 elementor-widget elementor-widget-heading\" data-id=\"29091a6\" data-element_type=\"widget\" data-widget_type=\"heading.default\">\n\t\t\t\t<div class=\"elementor-widget-container\">\n\t\t\t\t\t<h2 class=\"elementor-heading-title elementor-size-default\">2025<\/h2>\t\t\t\t<\/div>\n\t\t\t\t<\/div>\n\t\t\t\t<\/div>\n\t\t<div class=\"elementor-element elementor-element-1736279 e-con-full e-flex e-con e-child\" data-id=\"1736279\" data-element_type=\"container\">\n\t\t\t\t<div class=\"elementor-element elementor-element-b9bc290 elementor-position-left elementor-view-default elementor-mobile-position-top elementor-widget elementor-widget-icon-box\" data-id=\"b9bc290\" data-element_type=\"widget\" data-widget_type=\"icon-box.default\">\n\t\t\t\t<div class=\"elementor-widget-container\">\n\t\t\t\t\t\t\t<div class=\"elementor-icon-box-wrapper\">\n\n\t\t\t\t\t\t<div class=\"elementor-icon-box-icon\">\n\t\t\t\t<span  class=\"elementor-icon\">\n\t\t\t\t<svg aria-hidden=\"true\" class=\"e-font-icon-svg e-fas-map-marker-alt\" viewbox=\"0 0 384 512\" xmlns=\"http:\/\/www.w3.org\/2000\/svg\"><path d=\"M172.268 501.67C26.97 291.031 0 269.413 0 192 0 85.961 85.961 0 192 0s192 85.961 192 192c0 77.413-26.97 99.031-172.268 309.67-9.535 13.774-29.93 13.773-39.464 0zM192 272c44.183 0 80-35.817 80-80s-35.817-80-80-80-80 35.817-80 80 35.817 80 80 80z\"><\/path><\/svg>\t\t\t\t<\/span>\n\t\t\t<\/div>\n\t\t\t\n\t\t\t\t\t\t<div class=\"elementor-icon-box-content\">\n\n\t\t\t\t\t\t\t\t\t<h6 class=\"elementor-icon-box-title\">\n\t\t\t\t\t\t<span  >\n\t\t\t\t\t\t\tEstrena\t\t\t\t\t\t<\/span>\n\t\t\t\t\t<\/h6>\n\t\t\t\t\n\t\t\t\t\t\t\t\t\t<p class=\"elementor-icon-box-description\">\n\t\t\t\t\t\tPeriferia Cimarronas\n<\/br> Barcelona, Espa\u00f1a.\t\t\t\t\t<\/p>\n\t\t\t\t\n\t\t\t<\/div>\n\t\t\t\n\t\t<\/div>\n\t\t\t\t\t\t<\/div>\n\t\t\t\t<\/div>\n\t\t\t\t<\/div>\n\t\t<div class=\"elementor-element elementor-element-96ea01c e-con-full e-flex e-con e-child\" data-id=\"96ea01c\" data-element_type=\"container\">\n\t\t\t\t<div class=\"elementor-element elementor-element-052f1b9 elementor-widget elementor-widget-video\" data-id=\"052f1b9\" data-element_type=\"widget\" data-settings=\"{&quot;youtube_url&quot;:&quot;https:\\\/\\\/www.youtube.com\\\/watch?v=Xc_EC9i4oKs&quot;,&quot;video_type&quot;:&quot;youtube&quot;,&quot;controls&quot;:&quot;yes&quot;}\" data-widget_type=\"video.default\">\n\t\t\t\t<div class=\"elementor-widget-container\">\n\t\t\t\t\t\t\t<div class=\"elementor-wrapper elementor-open-inline\">\n\t\t\t<div class=\"elementor-video\"><\/div>\t\t<\/div>\n\t\t\t\t\t\t<\/div>\n\t\t\t\t<\/div>\n\t\t\t\t<\/div>\n\t\t\t\t<\/div>\n\t\t\t\t\t<\/div>\n\t\t\t\t<\/div>\n\t\t\t\t<\/div>","protected":false},"excerpt":{"rendered":"<p>El tiempo que nos queda Obra ganadora de la residencia de creaci\u00f3n 2024 de la sala Periferia Cimarronas. Dos muertes trabajan dando orden y equilibrio a la vida de los humanos en la tierra; sin embargo, un d\u00eda el tiempo les anuncia la inminente extinci\u00f3n de la humanidad, y donde no hay vida tampoco puede [&hellip;]<\/p>","protected":false},"author":1,"featured_media":0,"parent":0,"menu_order":0,"comment_status":"closed","ping_status":"closed","template":"","meta":{"site-sidebar-layout":"no-sidebar","site-content-layout":"page-builder","ast-site-content-layout":"full-width-container","site-content-style":"unboxed","site-sidebar-style":"unboxed","ast-global-header-display":"","ast-banner-title-visibility":"","ast-main-header-display":"","ast-hfb-above-header-display":"","ast-hfb-below-header-display":"","ast-hfb-mobile-header-display":"","site-post-title":"disabled","ast-breadcrumbs-content":"","ast-featured-img":"disabled","footer-sml-layout":"","theme-transparent-header-meta":"enabled","adv-header-id-meta":"","stick-header-meta":"","header-above-stick-meta":"","header-main-stick-meta":"","header-below-stick-meta":"","astra-migrate-meta-layouts":"set","ast-page-background-enabled":"default","ast-page-background-meta":{"desktop":{"background-color":"","background-image":"","background-repeat":"repeat","background-position":"center center","background-size":"auto","background-attachment":"scroll","background-type":"","background-media":"","overlay-type":"","overlay-color":"","overlay-opacity":"","overlay-gradient":""},"tablet":{"background-color":"","background-image":"","background-repeat":"repeat","background-position":"center center","background-size":"auto","background-attachment":"scroll","background-type":"","background-media":"","overlay-type":"","overlay-color":"","overlay-opacity":"","overlay-gradient":""},"mobile":{"background-color":"","background-image":"","background-repeat":"repeat","background-position":"center center","background-size":"auto","background-attachment":"scroll","background-type":"","background-media":"","overlay-type":"","overlay-color":"","overlay-opacity":"","overlay-gradient":""}},"ast-content-background-meta":{"desktop":{"background-color":"var(--ast-global-color-5)","background-image":"","background-repeat":"repeat","background-position":"center center","background-size":"auto","background-attachment":"scroll","background-type":"","background-media":"","overlay-type":"","overlay-color":"","overlay-opacity":"","overlay-gradient":""},"tablet":{"background-color":"var(--ast-global-color-5)","background-image":"","background-repeat":"repeat","background-position":"center center","background-size":"auto","background-attachment":"scroll","background-type":"","background-media":"","overlay-type":"","overlay-color":"","overlay-opacity":"","overlay-gradient":""},"mobile":{"background-color":"var(--ast-global-color-5)","background-image":"","background-repeat":"repeat","background-position":"center center","background-size":"auto","background-attachment":"scroll","background-type":"","background-media":"","overlay-type":"","overlay-color":"","overlay-opacity":"","overlay-gradient":""}},"footnotes":""},"class_list":["post-691","page","type-page","status-publish","hentry"],"_links":{"self":[{"href":"https:\/\/claudiamarcelaestrada.com\/ca\/wp-json\/wp\/v2\/pages\/691","targetHints":{"allow":["GET"]}}],"collection":[{"href":"https:\/\/claudiamarcelaestrada.com\/ca\/wp-json\/wp\/v2\/pages"}],"about":[{"href":"https:\/\/claudiamarcelaestrada.com\/ca\/wp-json\/wp\/v2\/types\/page"}],"author":[{"embeddable":true,"href":"https:\/\/claudiamarcelaestrada.com\/ca\/wp-json\/wp\/v2\/users\/1"}],"replies":[{"embeddable":true,"href":"https:\/\/claudiamarcelaestrada.com\/ca\/wp-json\/wp\/v2\/comments?post=691"}],"version-history":[{"count":0,"href":"https:\/\/claudiamarcelaestrada.com\/ca\/wp-json\/wp\/v2\/pages\/691\/revisions"}],"wp:attachment":[{"href":"https:\/\/claudiamarcelaestrada.com\/ca\/wp-json\/wp\/v2\/media?parent=691"}],"curies":[{"name":"wp","href":"https:\/\/api.w.org\/{rel}","templated":true}]}}